{"id":7067,"date":"2019-04-03T10:26:12","date_gmt":"2019-04-03T08:26:12","guid":{"rendered":"https:\/\/parcaventura.com\/?page_id=7067"},"modified":"2019-05-13T10:13:50","modified_gmt":"2019-05-13T08:13:50","slug":"securite","status":"publish","type":"page","link":"https:\/\/costabravaparcaventura.com\/fr\/securite\/","title":{"rendered":"S\u00e9curit\u00e9 dans le parc"},"content":{"rendered":"<div id=\"pl-7067\"  class=\"panel-layout\" ><div id=\"pg-7067-0\"  class=\"panel-grid panel-no-style\" ><div id=\"pgc-7067-0-0\"  class=\"panel-grid-cell\" ><div id=\"panel-7067-0-0-0\" class=\"so-panel widget widget_sow-editor panel-first-child panel-last-child\" data-index=\"0\" ><div\n\t\t\t\n\t\t\tclass=\"so-widget-sow-editor so-widget-sow-editor-base\"\n\t\t\t\n\t\t>\n<div class=\"siteorigin-widget-tinymce textwidget\">\n\t<h2>mousquetons intelligents<\/h2>\n<p>CliC-iT\u00ae est un syst\u00e8me brevet\u00e9 d\u2019assurage s\u00e9curis\u00e9 qui synchronise les positions ouvert\/ferm\u00e9 des 2 connecteurs. L\u2019accroche d\u2019au moins un des 2 mousquetons est toujours garantie. Le d\u00e9crochage accidentel des 2 mousquetons \u00e0 la fois est impossible<\/p>\n<p>La soci\u00e9t\u00e9 CliC-iT d\u00e9veloppe des syst\u00e8mes d\u2019assurage s\u00e9curis\u00e9s uniques pour les activit\u00e9s en hauteur et \u00e9viter la chute suite \u00e0 d\u00e9crochage par erreur avec 2 moyens d\u2019assurage asservis entre eux, \u00e9vitant l\u2019ouverture simultan\u00e9e des 2 moyens d\u2019assurage.<\/p>\n<\/div>\n<\/div><\/div><\/div><div id=\"pgc-7067-0-1\"  class=\"panel-grid-cell\" ><div id=\"panel-7067-0-1-0\" class=\"so-panel widget widget_sow-image panel-first-child panel-last-child\" data-index=\"1\" ><div class=\"panel-widget-style panel-widget-style-for-7067-0-1-0\" ><div\n\t\t\t\n\t\t\tclass=\"so-widget-sow-image so-widget-sow-image-default-8b5b6f678277-7067\"\n\t\t\t\n\t\t>\n<div class=\"sow-image-container\">\n\t\t<img \n\tsrc=\"https:\/\/costabravaparcaventura.com\/wp-content\/uploads\/2019\/03\/mosqueto.png\" width=\"223\" height=\"198\" sizes=\"(max-width: 223px) 100vw, 223px\" alt=\"\" \t\tclass=\"so-widget-image\"\/>\n\t<\/div>\n\n<\/div><\/div><\/div><\/div><\/div><div id=\"pg-7067-1\"  class=\"panel-grid panel-no-style\" ><div id=\"pgc-7067-1-0\"  class=\"panel-grid-cell\" ><div id=\"panel-7067-1-0-0\" class=\"so-panel widget widget_sow-editor panel-first-child panel-last-child\" data-index=\"2\" ><div\n\t\t\t\n\t\t\tclass=\"so-widget-sow-editor so-widget-sow-editor-base\"\n\t\t\t\n\t\t>\n<div class=\"siteorigin-widget-tinymce textwidget\">\n\t<hr class=\"hr--dashed\" \/>\n<\/div>\n<\/div><\/div><\/div><\/div><div id=\"pg-7067-2\"  class=\"panel-grid panel-no-style\" ><div id=\"pgc-7067-2-0\"  class=\"panel-grid-cell\" ><div id=\"panel-7067-2-0-0\" class=\"so-panel widget widget_sow-editor panel-first-child panel-last-child\" data-index=\"3\" ><div\n\t\t\t\n\t\t\tclass=\"so-widget-sow-editor so-widget-sow-editor-base\"\n\t\t\t\n\t\t>\n<div class=\"siteorigin-widget-tinymce textwidget\">\n\t<h2>La s\u00e9curit\u00e9 est une priorit\u00e9 et nous sommes r\u00e9gis par des r\u00e8gles strictes de s\u00e9curit\u00e9<\/h2>\n<p style=\"font-size: 16px;\"><span style=\"color: #2e3b4e;\"><span class=\"icon-container\"><span class=\"fa fa-long-arrow-right\" style=\"color:#ff7240;\"><\/span><\/span> \u00a0\u00a0<strong>Notre parc est r\u00e9gi par les normes de qualit\u00e9 europ\u00e9ennes<\/strong> UNE EN 15567-1 et 15567-2 en ce qui concerne sa construction et son exploitation. La conformit\u00e9 a ces normes, la correcte construction et les mat\u00e9riaux utilis\u00e9s dans toutes nos installations son certifi\u00e9s chaque ann\u00e9e par un bureau de control externe.<\/span><\/p>\n<p style=\"font-size: 16px;\"><span style=\"color: #2e3b4e;\"><span class=\"icon-container\"><span class=\"fa fa-long-arrow-right\" style=\"color:#ff7240;\"><\/span><\/span> \u00a0\u00a0Il se r\u00e9alise chaque ann\u00e9e \u00e9galement une expertise arboricole qui diagnostique la sant\u00e9 et l\u2019endurance des arbres qui soutiennent les circuits.<\/span><\/p>\n<p style=\"font-size: 16px;\"><span style=\"color: #2e3b4e;\"><span class=\"icon-container\"><span class=\"fa fa-long-arrow-right\" style=\"color:#ff7240;\"><\/span><\/span> \u00a0\u00a0<strong>Pr\u00e9server les valeurs \u00e9cologiques de la for\u00eat<\/strong> st n\u00f4tre principal objectif et c\u2019est pour cela que l\u2019environnement, la signalisation des chemins, la non utilisation d\u2019\u00e9l\u00e9ments m\u00e9talliques qui nuisent les arbres sont des questions tr\u00e8s importantes pour nous.<\/span><\/p>\n<p style=\"font-size: 16px;\"><span style=\"color: #2e3b4e;\"><span class=\"icon-container\"><span class=\"fa fa-long-arrow-right\" style=\"color:#ff7240;\"><\/span><\/span> \u00a0\u00a0Toutes les fixations sont r\u00e9alis\u00e9es avec des syst\u00e8mes de pression et l\u2019\u00e9corce des arbres est aussi prot\u00e9g\u00e9e avec des protecteurs en bois.<\/span><\/p>\n<p style=\"font-size: 16px;\"><span style=\"color: #2e3b4e;\"><span class=\"icon-container\"><span class=\"fa fa-long-arrow-right\" style=\"color:#ff7240;\"><\/span><\/span> \u00a0\u00a0La qualit\u00e9 et la s\u00e9curit\u00e9 des installations et du mat\u00e9riel sont certifi\u00e9es chaque ann\u00e9e par un bureau de control.<\/span><\/p>\n<p style=\"font-size: 16px;\"><span style=\"color: #2e3b4e;\"><span class=\"icon-container\"><span class=\"fa fa-long-arrow-right\" style=\"color:#ff7240;\"><\/span><\/span> \u00a0\u00a0Nos moniteurs vous fourniront l\u2019\u00e9quipement de protection individuelle, EPI. Une fois \u00e9quip\u00e9s, ils vous expliqueront au briefing les normes de s\u00e9curit\u00e9 pour que vous puissiez progresser en toute s\u00e9curit\u00e9 sur les plateformes el les jeux.<\/span><\/p>\n<p style=\"font-size: 16px;\"><span style=\"color: #2e3b4e;\"><span class=\"icon-container\"><span class=\"fa fa-long-arrow-right\" style=\"color:#ff7240;\"><\/span><\/span> \u00a0\u00a0En tout moment, \u00e0 partir du sol, les moniteurs superviseront la correcte progression et le bon fonctionnement de l\u2019activit\u00e9.<\/span><\/p>\n<p style=\"font-size: 16px;\"><span style=\"color: #2e3b4e;\"><span class=\"icon-container\"><span class=\"fa fa-long-arrow-right\" style=\"color:#ff7240;\"><\/span><\/span> \u00a0\u00a0Tous nos circuits et \u00e9quipements sont v\u00e9rifi\u00e9s tous les jours avant l\u2019ouverture du parc.<br \/>\n<\/span><\/p>\n<\/div>\n<\/div><\/div><\/div><\/div><div id=\"pg-7067-3\"  class=\"panel-grid panel-no-style\" ><div id=\"pgc-7067-3-0\"  class=\"panel-grid-cell\" ><div id=\"panel-7067-3-0-0\" class=\"so-panel widget widget_sow-editor panel-first-child panel-last-child\" data-index=\"4\" ><div\n\t\t\t\n\t\t\tclass=\"so-widget-sow-editor so-widget-sow-editor-base\"\n\t\t\t\n\t\t>\n<div class=\"siteorigin-widget-tinymce textwidget\">\n\t<hr class=\"hr--dashed\" \/>\n<\/div>\n<\/div><\/div><\/div><\/div><div id=\"pg-7067-4\"  class=\"panel-grid panel-no-style\" ><div id=\"pgc-7067-4-0\"  class=\"panel-grid-cell panel-grid-cell-empty\" ><\/div><div id=\"pgc-7067-4-1\"  class=\"panel-grid-cell panel-grid-cell-mobile-last\" ><div id=\"panel-7067-4-1-0\" class=\"so-panel widget widget_pw_brochure_box widget-brochure-box panel-first-child panel-last-child\" data-index=\"5\" ><div class=\"panel-widget-style panel-widget-style-for-7067-4-1-0\" >\n\t<a class=\"brochure-box\" href=\"\/wp-content\/uploads\/2019\/05\/Homologacio_normativa_europea.pdf\" target=\"_blank\">\n\t\t<span class=\"brochure-box__icon\"><i class=\"fa  fa-download\"><\/i><\/span>\n\t\t<span class=\"brochure-box__text\">HOMOLOGATION NORME EUROPEENE<\/span>\n\t<\/a>\n\n<\/div><\/div><\/div><div id=\"pgc-7067-4-2\"  class=\"panel-grid-cell panel-grid-cell-empty\" ><\/div><\/div><div id=\"pg-7067-5\"  class=\"panel-grid panel-no-style\" ><div id=\"pgc-7067-5-0\"  class=\"panel-grid-cell\" ><div id=\"panel-7067-5-0-0\" class=\"so-panel widget widget_sow-editor panel-first-child panel-last-child\" data-index=\"6\" ><div\n\t\t\t\n\t\t\tclass=\"so-widget-sow-editor so-widget-sow-editor-base\"\n\t\t\t\n\t\t>\n<div class=\"siteorigin-widget-tinymce textwidget\">\n\t<p style=\"text-align: center;\"><iframe loading=\"lazy\" src=\"https:\/\/www.youtube.com\/embed\/x7HubeMy4tE\" width=\"70%\" height=\"400\" frameborder=\"0\" allowfullscreen=\"allowfullscreen\"><\/iframe><\/p>\n<\/div>\n<\/div><\/div><\/div><\/div><\/div>","protected":false},"excerpt":{"rendered":"<p>Disfruta de todo tipo de columpios para distintas edades y dificultades.<\/p>\n","protected":false},"author":1,"featured_media":7054,"parent":0,"menu_order":0,"comment_status":"closed","ping_status":"closed","template":"","meta":{"_acf_changed":false,"footnotes":""},"class_list":{"0":"post-7067","1":"page","2":"type-page","3":"status-publish","4":"has-post-thumbnail","6":"clearfix","7":"article"},"acf":[],"yoast_head":"<!-- This site is optimized with the Yoast SEO plugin v27.5 - https:\/\/yoast.com\/product\/yoast-seo-wordpress\/ -->\n<title>S\u00e9curit\u00e9 dans le parc | Costa Brava Parc Aventura<\/title>\n<meta name=\"robots\" content=\"index, follow, max-snippet:-1, max-image-preview:large, max-video-preview:-1\" \/>\n<link rel=\"canonical\" href=\"https:\/\/costabravaparcaventura.com\/fr\/securite\/\" \/>\n<meta property=\"og:locale\" content=\"fr_FR\" \/>\n<meta property=\"og:type\" content=\"article\" \/>\n<meta property=\"og:title\" content=\"S\u00e9curit\u00e9 dans le parc | Costa Brava Parc Aventura\" \/>\n<meta property=\"og:description\" content=\"Disfruta de todo tipo de columpios para distintas edades y dificultades.\" \/>\n<meta property=\"og:url\" content=\"https:\/\/costabravaparcaventura.com\/fr\/securite\/\" \/>\n<meta property=\"og:site_name\" content=\"Costa Brava Parc Aventura\" \/>\n<meta property=\"article:publisher\" content=\"https:\/\/www.facebook.com\/costabravaparcaventura\" \/>\n<meta property=\"article:modified_time\" content=\"2019-05-13T08:13:50+00:00\" \/>\n<meta property=\"og:image\" content=\"https:\/\/costabravaparcaventura.com\/wp-content\/uploads\/2016\/10\/photo5.jpg\" \/>\n\t<meta property=\"og:image:width\" content=\"860\" \/>\n\t<meta property=\"og:image:height\" content=\"430\" \/>\n\t<meta property=\"og:image:type\" content=\"image\/jpeg\" \/>\n<meta name=\"twitter:card\" content=\"summary_large_image\" \/>\n<meta name=\"twitter:site\" content=\"@BravaParc\" \/>\n<meta name=\"twitter:label1\" content=\"Dur\u00e9e de lecture estim\u00e9e\" \/>\n\t<meta name=\"twitter:data1\" content=\"2 minutes\" \/>\n<script type=\"application\/ld+json\" class=\"yoast-schema-graph\">{\"@context\":\"https:\\\/\\\/schema.org\",\"@graph\":[{\"@type\":\"WebPage\",\"@id\":\"https:\\\/\\\/costabravaparcaventura.com\\\/fr\\\/securite\\\/\",\"url\":\"https:\\\/\\\/costabravaparcaventura.com\\\/fr\\\/securite\\\/\",\"name\":\"S\u00e9curit\u00e9 dans le parc | Costa Brava Parc Aventura\",\"isPartOf\":{\"@id\":\"https:\\\/\\\/costabravaparcaventura.com\\\/fr\\\/#website\"},\"primaryImageOfPage\":{\"@id\":\"https:\\\/\\\/costabravaparcaventura.com\\\/fr\\\/securite\\\/#primaryimage\"},\"image\":{\"@id\":\"https:\\\/\\\/costabravaparcaventura.com\\\/fr\\\/securite\\\/#primaryimage\"},\"thumbnailUrl\":\"https:\\\/\\\/costabravaparcaventura.com\\\/wp-content\\\/uploads\\\/2016\\\/10\\\/photo5.jpg\",\"datePublished\":\"2019-04-03T08:26:12+00:00\",\"dateModified\":\"2019-05-13T08:13:50+00:00\",\"breadcrumb\":{\"@id\":\"https:\\\/\\\/costabravaparcaventura.com\\\/fr\\\/securite\\\/#breadcrumb\"},\"inLanguage\":\"fr-FR\",\"potentialAction\":[{\"@type\":\"ReadAction\",\"target\":[\"https:\\\/\\\/costabravaparcaventura.com\\\/fr\\\/securite\\\/\"]}]},{\"@type\":\"ImageObject\",\"inLanguage\":\"fr-FR\",\"@id\":\"https:\\\/\\\/costabravaparcaventura.com\\\/fr\\\/securite\\\/#primaryimage\",\"url\":\"https:\\\/\\\/costabravaparcaventura.com\\\/wp-content\\\/uploads\\\/2016\\\/10\\\/photo5.jpg\",\"contentUrl\":\"https:\\\/\\\/costabravaparcaventura.com\\\/wp-content\\\/uploads\\\/2016\\\/10\\\/photo5.jpg\",\"width\":860,\"height\":430},{\"@type\":\"BreadcrumbList\",\"@id\":\"https:\\\/\\\/costabravaparcaventura.com\\\/fr\\\/securite\\\/#breadcrumb\",\"itemListElement\":[{\"@type\":\"ListItem\",\"position\":1,\"name\":\"Portada\",\"item\":\"https:\\\/\\\/costabravaparcaventura.com\\\/fr\\\/\"},{\"@type\":\"ListItem\",\"position\":2,\"name\":\"S\u00e9curit\u00e9 dans le parc\"}]},{\"@type\":\"WebSite\",\"@id\":\"https:\\\/\\\/costabravaparcaventura.com\\\/fr\\\/#website\",\"url\":\"https:\\\/\\\/costabravaparcaventura.com\\\/fr\\\/\",\"name\":\"Costa Brava Parc Aventura\",\"description\":\"tirolinas costa brava\",\"publisher\":{\"@id\":\"https:\\\/\\\/costabravaparcaventura.com\\\/fr\\\/#organization\"},\"potentialAction\":[{\"@type\":\"SearchAction\",\"target\":{\"@type\":\"EntryPoint\",\"urlTemplate\":\"https:\\\/\\\/costabravaparcaventura.com\\\/fr\\\/?s={search_term_string}\"},\"query-input\":{\"@type\":\"PropertyValueSpecification\",\"valueRequired\":true,\"valueName\":\"search_term_string\"}}],\"inLanguage\":\"fr-FR\"},{\"@type\":\"Organization\",\"@id\":\"https:\\\/\\\/costabravaparcaventura.com\\\/fr\\\/#organization\",\"name\":\"Costa Brava Parc Aventura\",\"url\":\"https:\\\/\\\/costabravaparcaventura.com\\\/fr\\\/\",\"logo\":{\"@type\":\"ImageObject\",\"inLanguage\":\"fr-FR\",\"@id\":\"https:\\\/\\\/costabravaparcaventura.com\\\/fr\\\/#\\\/schema\\\/logo\\\/image\\\/\",\"url\":\"https:\\\/\\\/costabravaparcaventura.com\\\/wp-content\\\/uploads\\\/2023\\\/07\\\/logo_parc_aventura_600.jpg\",\"contentUrl\":\"https:\\\/\\\/costabravaparcaventura.com\\\/wp-content\\\/uploads\\\/2023\\\/07\\\/logo_parc_aventura_600.jpg\",\"width\":600,\"height\":600,\"caption\":\"Costa Brava Parc Aventura\"},\"image\":{\"@id\":\"https:\\\/\\\/costabravaparcaventura.com\\\/fr\\\/#\\\/schema\\\/logo\\\/image\\\/\"},\"sameAs\":[\"https:\\\/\\\/www.facebook.com\\\/costabravaparcaventura\",\"https:\\\/\\\/x.com\\\/BravaParc\",\"https:\\\/\\\/www.instagram.com\\\/costabravaparcaventura\\\/\",\"https:\\\/\\\/www.youtube.com\\\/user\\\/costabravaparc\"]}]}<\/script>\n<!-- \/ Yoast SEO plugin. -->","yoast_head_json":{"title":"S\u00e9curit\u00e9 dans le parc | Costa Brava Parc Aventura","robots":{"index":"index","follow":"follow","max-snippet":"max-snippet:-1","max-image-preview":"max-image-preview:large","max-video-preview":"max-video-preview:-1"},"canonical":"https:\/\/costabravaparcaventura.com\/fr\/securite\/","og_locale":"fr_FR","og_type":"article","og_title":"S\u00e9curit\u00e9 dans le parc | Costa Brava Parc Aventura","og_description":"Disfruta de todo tipo de columpios para distintas edades y dificultades.","og_url":"https:\/\/costabravaparcaventura.com\/fr\/securite\/","og_site_name":"Costa Brava Parc Aventura","article_publisher":"https:\/\/www.facebook.com\/costabravaparcaventura","article_modified_time":"2019-05-13T08:13:50+00:00","og_image":[{"width":860,"height":430,"url":"https:\/\/costabravaparcaventura.com\/wp-content\/uploads\/2016\/10\/photo5.jpg","type":"image\/jpeg"}],"twitter_card":"summary_large_image","twitter_site":"@BravaParc","twitter_misc":{"Dur\u00e9e de lecture estim\u00e9e":"2 minutes"},"schema":{"@context":"https:\/\/schema.org","@graph":[{"@type":"WebPage","@id":"https:\/\/costabravaparcaventura.com\/fr\/securite\/","url":"https:\/\/costabravaparcaventura.com\/fr\/securite\/","name":"S\u00e9curit\u00e9 dans le parc | Costa Brava Parc Aventura","isPartOf":{"@id":"https:\/\/costabravaparcaventura.com\/fr\/#website"},"primaryImageOfPage":{"@id":"https:\/\/costabravaparcaventura.com\/fr\/securite\/#primaryimage"},"image":{"@id":"https:\/\/costabravaparcaventura.com\/fr\/securite\/#primaryimage"},"thumbnailUrl":"https:\/\/costabravaparcaventura.com\/wp-content\/uploads\/2016\/10\/photo5.jpg","datePublished":"2019-04-03T08:26:12+00:00","dateModified":"2019-05-13T08:13:50+00:00","breadcrumb":{"@id":"https:\/\/costabravaparcaventura.com\/fr\/securite\/#breadcrumb"},"inLanguage":"fr-FR","potentialAction":[{"@type":"ReadAction","target":["https:\/\/costabravaparcaventura.com\/fr\/securite\/"]}]},{"@type":"ImageObject","inLanguage":"fr-FR","@id":"https:\/\/costabravaparcaventura.com\/fr\/securite\/#primaryimage","url":"https:\/\/costabravaparcaventura.com\/wp-content\/uploads\/2016\/10\/photo5.jpg","contentUrl":"https:\/\/costabravaparcaventura.com\/wp-content\/uploads\/2016\/10\/photo5.jpg","width":860,"height":430},{"@type":"BreadcrumbList","@id":"https:\/\/costabravaparcaventura.com\/fr\/securite\/#breadcrumb","itemListElement":[{"@type":"ListItem","position":1,"name":"Portada","item":"https:\/\/costabravaparcaventura.com\/fr\/"},{"@type":"ListItem","position":2,"name":"S\u00e9curit\u00e9 dans le parc"}]},{"@type":"WebSite","@id":"https:\/\/costabravaparcaventura.com\/fr\/#website","url":"https:\/\/costabravaparcaventura.com\/fr\/","name":"Costa Brava Parc Aventura","description":"tirolinas costa brava","publisher":{"@id":"https:\/\/costabravaparcaventura.com\/fr\/#organization"},"potentialAction":[{"@type":"SearchAction","target":{"@type":"EntryPoint","urlTemplate":"https:\/\/costabravaparcaventura.com\/fr\/?s={search_term_string}"},"query-input":{"@type":"PropertyValueSpecification","valueRequired":true,"valueName":"search_term_string"}}],"inLanguage":"fr-FR"},{"@type":"Organization","@id":"https:\/\/costabravaparcaventura.com\/fr\/#organization","name":"Costa Brava Parc Aventura","url":"https:\/\/costabravaparcaventura.com\/fr\/","logo":{"@type":"ImageObject","inLanguage":"fr-FR","@id":"https:\/\/costabravaparcaventura.com\/fr\/#\/schema\/logo\/image\/","url":"https:\/\/costabravaparcaventura.com\/wp-content\/uploads\/2023\/07\/logo_parc_aventura_600.jpg","contentUrl":"https:\/\/costabravaparcaventura.com\/wp-content\/uploads\/2023\/07\/logo_parc_aventura_600.jpg","width":600,"height":600,"caption":"Costa Brava Parc Aventura"},"image":{"@id":"https:\/\/costabravaparcaventura.com\/fr\/#\/schema\/logo\/image\/"},"sameAs":["https:\/\/www.facebook.com\/costabravaparcaventura","https:\/\/x.com\/BravaParc","https:\/\/www.instagram.com\/costabravaparcaventura\/","https:\/\/www.youtube.com\/user\/costabravaparc"]}]}},"_links":{"self":[{"href":"https:\/\/costabravaparcaventura.com\/fr\/wp-json\/wp\/v2\/pages\/7067","targetHints":{"allow":["GET"]}}],"collection":[{"href":"https:\/\/costabravaparcaventura.com\/fr\/wp-json\/wp\/v2\/pages"}],"about":[{"href":"https:\/\/costabravaparcaventura.com\/fr\/wp-json\/wp\/v2\/types\/page"}],"author":[{"embeddable":true,"href":"https:\/\/costabravaparcaventura.com\/fr\/wp-json\/wp\/v2\/users\/1"}],"replies":[{"embeddable":true,"href":"https:\/\/costabravaparcaventura.com\/fr\/wp-json\/wp\/v2\/comments?post=7067"}],"version-history":[{"count":9,"href":"https:\/\/costabravaparcaventura.com\/fr\/wp-json\/wp\/v2\/pages\/7067\/revisions"}],"predecessor-version":[{"id":10105,"href":"https:\/\/costabravaparcaventura.com\/fr\/wp-json\/wp\/v2\/pages\/7067\/revisions\/10105"}],"wp:featuredmedia":[{"embeddable":true,"href":"https:\/\/costabravaparcaventura.com\/fr\/wp-json\/wp\/v2\/media\/7054"}],"wp:attachment":[{"href":"https:\/\/costabravaparcaventura.com\/fr\/wp-json\/wp\/v2\/media?parent=7067"}],"curies":[{"name":"wp","href":"https:\/\/api.w.org\/{rel}","templated":true}]}}