{"id":6920,"date":"2019-04-03T12:07:06","date_gmt":"2019-04-03T10:07:06","guid":{"rendered":"https:\/\/parcaventura.com\/?page_id=6920"},"modified":"2019-09-03T17:24:59","modified_gmt":"2019-09-03T15:24:59","slug":"parcours-aigua-xelida-pals","status":"publish","type":"page","link":"https:\/\/costabravaparcaventura.com\/fr\/parcours-aigua-xelida-pals\/","title":{"rendered":"Parcours Aigua X\u00e8lida"},"content":{"rendered":"<div id=\"pl-6920\"  class=\"panel-layout\" ><div id=\"pg-6920-0\"  class=\"panel-grid panel-no-style\" ><div id=\"pgc-6920-0-0\"  class=\"panel-grid-cell\" ><div id=\"panel-6920-0-0-0\" class=\"so-panel widget widget_sow-editor panel-first-child\" data-index=\"0\" ><div\n\t\t\t\n\t\t\tclass=\"so-widget-sow-editor so-widget-sow-editor-base\"\n\t\t\t\n\t\t>\n<div class=\"siteorigin-widget-tinymce textwidget\">\n\t<h2>Saut \u00e0 l'\u00e9lastique<\/h2>\n<p style=\"font-size: 16px;\">Aigua X\u00e9lida Consiste principalement en deux <strong>sauts \u00e0 l'\u00e9lastique<\/strong>. Le premier est un saut horizontal soutenu par un trap\u00e8ze en bois qui vous fait atterrir sur un filet. Ensuite, il faut remonter par une \u00e9chelle pour se laisser glisser sur une longue et rapide tyrolienne qui donne acc\u00e8s \u00e0 un pont tib\u00e9tain. Celui-ci am\u00e8ne \u00e0 la plateforme finale du saut \u00e0 l'\u00e9lastique.<\/p>\n<p style=\"font-size: 16px;\">Cela signifie se lancer d\u2019une plateforme de 10 m\u00e8tres de haut, attach\u00e9 \u00e0 un c\u00e2ble lui-m\u00eame sujet \u00e0 un instrument nouveau et r\u00e9volutionnaire qui permet \u00e0 l\u2019usager de freiner progressivement et en douceur.  Hauteur minimum de 150 cm pour acc\u00e9der au circuit.<\/p>\n<\/div>\n<\/div><\/div><div id=\"panel-6920-0-0-1\" class=\"so-panel widget widget_sow-editor\" data-index=\"1\" ><div\n\t\t\t\n\t\t\tclass=\"so-widget-sow-editor so-widget-sow-editor-base\"\n\t\t\t\n\t\t>\n<div class=\"siteorigin-widget-tinymce textwidget\">\n\t<hr class=\"hr--dashed\" \/>\n<\/div>\n<\/div><\/div><div id=\"panel-6920-0-0-2\" class=\"so-panel widget widget_sow-editor\" data-index=\"2\" ><div\n\t\t\t\n\t\t\tclass=\"so-widget-sow-editor so-widget-sow-editor-base\"\n\t\t\t\n\t\t>\n<div class=\"siteorigin-widget-tinymce textwidget\">\n\t<h3>Caract\u00e9ristiques<\/h3>\n<\/div>\n<\/div><\/div><div id=\"panel-6920-0-0-3\" class=\"so-panel widget widget_sow-editor\" data-index=\"3\" ><div\n\t\t\t\n\t\t\tclass=\"so-widget-sow-editor so-widget-sow-editor-base\"\n\t\t\t\n\t\t>\n<div class=\"siteorigin-widget-tinymce textwidget\">\n\t<p style=\"font-size: 16px\"><span style=\"color: #2e3b4e\"><span class=\"icon-container\"><span class=\"fa fa-long-arrow-right\" style=\"color:#ff7240;\"><\/span><\/span> \u00a0\u00a0<strong>Difficult\u00e9: Haute <\/strong><\/span><\/p>\n<p style=\"font-size: 16px\"><span style=\"color: #2e3b4e\"><span class=\"icon-container\"><span class=\"fa fa-long-arrow-right\" style=\"color:#ff7240;\"><\/span><\/span> \u00a0\u00a0<strong>Duration: 1\/2 heure <\/strong><\/span><\/p>\n<p style=\"font-size: 16px\"><span style=\"color: #2e3b4e\"><span class=\"icon-container\"><span class=\"fa fa-long-arrow-right\" style=\"color:#ff7240;\"><\/span><\/span> \u00a0\u00a0<strong>Num. de jeux: 6<\/strong><\/span><\/p>\n<p style=\"font-size: 16px\"><span style=\"color: #2e3b4e\"><span class=\"icon-container\"><span class=\"fa fa-long-arrow-right\" style=\"color:#ff7240;\"><\/span><\/span> \u00a0\u00a0<strong>Longueur: 100 m<\/strong><\/span><\/p>\n<p style=\"font-size: 16px\"><span style=\"color: #2e3b4e\"><span class=\"icon-container\"><span class=\"fa fa-long-arrow-right\" style=\"color:#ff7240;\"><\/span><\/span> \u00a0\u00a0<strong>Hauteur de plate-forme: De 8 \u00e0 10 m <\/strong><\/span><\/p>\n<p style=\"font-size: 16px\"><span style=\"color: #2e3b4e\"><span class=\"icon-container\"><span class=\"fa fa-long-arrow-right\" style=\"color:#ff7240;\"><\/span><\/span> \u00a0\u00a0<strong>Hauter corde de s\u00e9curit\u00e9: Entre 150 et 156 cm <\/strong><\/span><\/p>\n<p style=\"font-size: 16px\"><span style=\"color: #2e3b4e\"><span class=\"icon-container\"><span class=\"fa fa-long-arrow-right\" style=\"color:#ff7240;\"><\/span><\/span> \u00a0\u00a0<strong>Accessible: A partir de 150 cm d\u2019hauteur et pesant entre 50 et 100 kg<\/strong><\/span><\/p>\n<\/div>\n<\/div><\/div><div id=\"panel-6920-0-0-4\" class=\"so-panel widget widget_sow-editor\" data-index=\"4\" ><div\n\t\t\t\n\t\t\tclass=\"so-widget-sow-editor so-widget-sow-editor-base\"\n\t\t\t\n\t\t>\n<div class=\"siteorigin-widget-tinymce textwidget\">\n\t<hr class=\"hr--dashed\" \/>\n<\/div>\n<\/div><\/div><div id=\"panel-6920-0-0-5\" class=\"so-panel widget widget_pw_accordion widget-accordion panel-last-child\" data-index=\"5\" >\t<div class=\"accordion panel-group\" id=\"accordion-widget-0-0-5\" role=\"tablist\" aria-multiselectable=\"true\">\n\t\t\t<div class=\"accordion__panel  panel  panel-default  card\">\n\t\t\t<div class=\"accordion__heading  panel-heading\" role=\"tab\" id=\"heading-widget-0-0-5-1\">\n\t\t\t\t<div class=\"panel-title\">\n\t\t\t\t\t<a class=\"collapsed\" role=\"button\" data-toggle=\"collapse\" data-parent=\"#accordion-widget-0-0-5\" href=\"#collapse-widget-0-0-5-1\" aria-expanded=\"false\" aria-controls=\"collapse-widget-0-0-5-1\">\n\t\t\t\t\t\tCarte du circuit\t\t\t\t\t<\/a>\n\t\t\t\t<\/div>\n\t\t\t<\/div>\n\t\t\t<div id=\"collapse-widget-0-0-5-1\" class=\"accordion__content  panel-collapse  collapse\" role=\"tabpanel\" aria-labelledby=\"heading-widget-0-0-5-1\">\n\t\t\t\t<div class=\"panel-body\">\n\t\t\t\t\t<br> <img decoding=\"async\" src=\"\/wp-content\/uploads\/2019\/04\/AiguaXelida_circuit2-1.png\" \/>\t\t\t\t<\/div>\n\t\t\t<\/div>\n\t\t<\/div>\n\t\t\t<\/div>\n\n<\/div><\/div><div id=\"pgc-6920-0-1\"  class=\"panel-grid-cell\" ><div id=\"panel-6920-0-1-0\" class=\"so-panel widget widget_sow-editor panel-first-child\" data-index=\"6\" ><div\n\t\t\t\n\t\t\tclass=\"so-widget-sow-editor so-widget-sow-editor-base\"\n\t\t\t\n\t\t>\n<div class=\"siteorigin-widget-tinymce textwidget\">\n\t<h2> Activit\u00e9s d'aventure <span style=\"color: #2e3b4e;font-weight: 300\"> <\/span><\/h2>\n<\/div>\n<\/div><\/div><div id=\"panel-6920-0-1-1\" class=\"so-panel widget widget_media_gallery\" data-index=\"7\" ><div id='gallery-1' class='gallery galleryid-6920 gallery-columns-3 gallery-size-full'><figure class='gallery-item'>\n\t\t\t<div class='gallery-icon landscape'>\n\t\t\t\t<img loading=\"lazy\" decoding=\"async\" width=\"798\" height=\"462\" src=\"https:\/\/costabravaparcaventura.com\/wp-content\/uploads\/2019\/03\/escala-acacia.jpg\" class=\"attachment-full size-full\" alt=\"\" aria-describedby=\"gallery-1-4125\" srcset=\"https:\/\/costabravaparcaventura.com\/wp-content\/uploads\/2019\/03\/escala-acacia.jpg 798w, https:\/\/costabravaparcaventura.com\/wp-content\/uploads\/2019\/03\/escala-acacia-600x347.jpg 600w, https:\/\/costabravaparcaventura.com\/wp-content\/uploads\/2019\/03\/escala-acacia-300x174.jpg 300w, https:\/\/costabravaparcaventura.com\/wp-content\/uploads\/2019\/03\/escala-acacia-768x445.jpg 768w\" sizes=\"auto, (max-width: 798px) 100vw, 798px\" \/>\n\t\t\t<\/div>\n\t\t\t\t<figcaption class='wp-caption-text gallery-caption' id='gallery-1-4125'>\n\t\t\t\tEscala ac\u00e0cia\n\t\t\t\t<\/figcaption><\/figure><figure class='gallery-item'>\n\t\t\t<div class='gallery-icon landscape'>\n\t\t\t\t<img loading=\"lazy\" decoding=\"async\" width=\"852\" height=\"494\" src=\"https:\/\/costabravaparcaventura.com\/wp-content\/uploads\/2019\/03\/12-Trapezi.jpg\" class=\"attachment-full size-full\" alt=\"\" aria-describedby=\"gallery-1-4566\" srcset=\"https:\/\/costabravaparcaventura.com\/wp-content\/uploads\/2019\/03\/12-Trapezi.jpg 852w, https:\/\/costabravaparcaventura.com\/wp-content\/uploads\/2019\/03\/12-Trapezi-600x348.jpg 600w, https:\/\/costabravaparcaventura.com\/wp-content\/uploads\/2019\/03\/12-Trapezi-300x174.jpg 300w, https:\/\/costabravaparcaventura.com\/wp-content\/uploads\/2019\/03\/12-Trapezi-768x445.jpg 768w\" sizes=\"auto, (max-width: 852px) 100vw, 852px\" \/>\n\t\t\t<\/div>\n\t\t\t\t<figcaption class='wp-caption-text gallery-caption' id='gallery-1-4566'>\n\t\t\t\tTrapezi voladior\n\t\t\t\t<\/figcaption><\/figure><figure class='gallery-item'>\n\t\t\t<div class='gallery-icon landscape'>\n\t\t\t\t<img loading=\"lazy\" decoding=\"async\" width=\"798\" height=\"462\" src=\"https:\/\/costabravaparcaventura.com\/wp-content\/uploads\/2019\/03\/7-tirolina_groc-7.jpg\" class=\"attachment-full size-full\" alt=\"\" aria-describedby=\"gallery-1-4177\" srcset=\"https:\/\/costabravaparcaventura.com\/wp-content\/uploads\/2019\/03\/7-tirolina_groc-7.jpg 798w, https:\/\/costabravaparcaventura.com\/wp-content\/uploads\/2019\/03\/7-tirolina_groc-7-600x347.jpg 600w, https:\/\/costabravaparcaventura.com\/wp-content\/uploads\/2019\/03\/7-tirolina_groc-7-300x174.jpg 300w, https:\/\/costabravaparcaventura.com\/wp-content\/uploads\/2019\/03\/7-tirolina_groc-7-768x445.jpg 768w\" sizes=\"auto, (max-width: 798px) 100vw, 798px\" \/>\n\t\t\t<\/div>\n\t\t\t\t<figcaption class='wp-caption-text gallery-caption' id='gallery-1-4177'>\n\t\t\t\tTirolina\n\t\t\t\t<\/figcaption><\/figure>\n\t\t<\/div>\n<\/div><div id=\"panel-6920-0-1-2\" class=\"so-panel widget widget_media_gallery panel-last-child\" data-index=\"8\" ><div class=\"panel-widget-style panel-widget-style-for-6920-0-1-2\" ><div id='gallery-2' class='gallery galleryid-6920 gallery-columns-3 gallery-size-full'><figure class='gallery-item'>\n\t\t\t<div class='gallery-icon landscape'>\n\t\t\t\t<img loading=\"lazy\" decoding=\"async\" width=\"798\" height=\"462\" src=\"https:\/\/costabravaparcaventura.com\/wp-content\/uploads\/2019\/03\/1_pont_nepales-1-1.jpg\" class=\"attachment-full size-full\" alt=\"\" aria-describedby=\"gallery-2-3869\" srcset=\"https:\/\/costabravaparcaventura.com\/wp-content\/uploads\/2019\/03\/1_pont_nepales-1-1.jpg 798w, https:\/\/costabravaparcaventura.com\/wp-content\/uploads\/2019\/03\/1_pont_nepales-1-1-600x347.jpg 600w, https:\/\/costabravaparcaventura.com\/wp-content\/uploads\/2019\/03\/1_pont_nepales-1-1-300x174.jpg 300w, https:\/\/costabravaparcaventura.com\/wp-content\/uploads\/2019\/03\/1_pont_nepales-1-1-768x445.jpg 768w\" sizes=\"auto, (max-width: 798px) 100vw, 798px\" \/>\n\t\t\t<\/div>\n\t\t\t\t<figcaption class='wp-caption-text gallery-caption' id='gallery-2-3869'>\n\t\t\t\tPont nepal\u00e8s\n\t\t\t\t<\/figcaption><\/figure><figure class='gallery-item'>\n\t\t\t<div class='gallery-icon landscape'>\n\t\t\t\t<img loading=\"lazy\" decoding=\"async\" width=\"798\" height=\"462\" src=\"https:\/\/costabravaparcaventura.com\/wp-content\/uploads\/2019\/03\/SaltAlbuit-1.jpg\" class=\"attachment-full size-full\" alt=\"\" aria-describedby=\"gallery-2-4403\" srcset=\"https:\/\/costabravaparcaventura.com\/wp-content\/uploads\/2019\/03\/SaltAlbuit-1.jpg 798w, https:\/\/costabravaparcaventura.com\/wp-content\/uploads\/2019\/03\/SaltAlbuit-1-600x347.jpg 600w, https:\/\/costabravaparcaventura.com\/wp-content\/uploads\/2019\/03\/SaltAlbuit-1-300x174.jpg 300w, https:\/\/costabravaparcaventura.com\/wp-content\/uploads\/2019\/03\/SaltAlbuit-1-768x445.jpg 768w\" sizes=\"auto, (max-width: 798px) 100vw, 798px\" \/>\n\t\t\t<\/div>\n\t\t\t\t<figcaption class='wp-caption-text gallery-caption' id='gallery-2-4403'>\n\t\t\t\tSalto al vac\u00edo\n\t\t\t\t<\/figcaption><\/figure>\n\t\t<\/div>\n<\/div><\/div><\/div><\/div><\/div>","protected":false},"excerpt":{"rendered":"<p>6 Activit\u00e9s | Difficult\u00e9\u2b50\u2b50\u2b50\u2b50\u2b50<\/p>\n","protected":false},"author":1,"featured_media":4633,"parent":0,"menu_order":0,"comment_status":"closed","ping_status":"closed","template":"","meta":{"_acf_changed":false,"footnotes":""},"class_list":{"0":"post-6920","1":"page","2":"type-page","3":"status-publish","4":"has-post-thumbnail","6":"clearfix","7":"article"},"acf":[],"yoast_head":"<!-- This site is optimized with the Yoast SEO plugin v27.5 - https:\/\/yoast.com\/product\/yoast-seo-wordpress\/ -->\n<title>Parcours Aigua Xelida | Pals | Costa Brava Parc Aventura<\/title>\n<meta name=\"robots\" content=\"index, follow, max-snippet:-1, max-image-preview:large, max-video-preview:-1\" \/>\n<link rel=\"canonical\" href=\"https:\/\/costabravaparcaventura.com\/fr\/parcours-aigua-xelida-pals\/\" \/>\n<meta property=\"og:locale\" content=\"fr_FR\" \/>\n<meta property=\"og:type\" content=\"article\" \/>\n<meta property=\"og:title\" content=\"Parcours Aigua Xelida | Pals | Costa Brava Parc Aventura\" \/>\n<meta property=\"og:description\" content=\"6 Activit\u00e9s | Difficult\u00e9\u2b50\u2b50\u2b50\u2b50\u2b50\" \/>\n<meta property=\"og:url\" content=\"https:\/\/costabravaparcaventura.com\/fr\/parcours-aigua-xelida-pals\/\" \/>\n<meta property=\"og:site_name\" content=\"Costa Brava Parc Aventura\" \/>\n<meta property=\"article:publisher\" content=\"https:\/\/www.facebook.com\/costabravaparcaventura\" \/>\n<meta property=\"article:modified_time\" content=\"2019-09-03T15:24:59+00:00\" \/>\n<meta property=\"og:image\" content=\"https:\/\/costabravaparcaventura.com\/wp-content\/uploads\/2019\/03\/taronja_pals.png\" \/>\n\t<meta property=\"og:image:width\" content=\"290\" \/>\n\t<meta property=\"og:image:height\" content=\"225\" \/>\n\t<meta property=\"og:image:type\" content=\"image\/png\" \/>\n<meta name=\"twitter:card\" content=\"summary_large_image\" \/>\n<meta name=\"twitter:site\" content=\"@BravaParc\" \/>\n<meta name=\"twitter:label1\" content=\"Dur\u00e9e de lecture estim\u00e9e\" \/>\n\t<meta name=\"twitter:data1\" content=\"1 minute\" \/>\n<script type=\"application\/ld+json\" class=\"yoast-schema-graph\">{\"@context\":\"https:\\\/\\\/schema.org\",\"@graph\":[{\"@type\":\"WebPage\",\"@id\":\"https:\\\/\\\/costabravaparcaventura.com\\\/fr\\\/parcours-aigua-xelida-pals\\\/\",\"url\":\"https:\\\/\\\/costabravaparcaventura.com\\\/fr\\\/parcours-aigua-xelida-pals\\\/\",\"name\":\"Parcours Aigua Xelida | Pals | Costa Brava Parc Aventura\",\"isPartOf\":{\"@id\":\"https:\\\/\\\/costabravaparcaventura.com\\\/fr\\\/#website\"},\"primaryImageOfPage\":{\"@id\":\"https:\\\/\\\/costabravaparcaventura.com\\\/fr\\\/parcours-aigua-xelida-pals\\\/#primaryimage\"},\"image\":{\"@id\":\"https:\\\/\\\/costabravaparcaventura.com\\\/fr\\\/parcours-aigua-xelida-pals\\\/#primaryimage\"},\"thumbnailUrl\":\"https:\\\/\\\/costabravaparcaventura.com\\\/wp-content\\\/uploads\\\/2019\\\/03\\\/taronja_pals.png\",\"datePublished\":\"2019-04-03T10:07:06+00:00\",\"dateModified\":\"2019-09-03T15:24:59+00:00\",\"breadcrumb\":{\"@id\":\"https:\\\/\\\/costabravaparcaventura.com\\\/fr\\\/parcours-aigua-xelida-pals\\\/#breadcrumb\"},\"inLanguage\":\"fr-FR\",\"potentialAction\":[{\"@type\":\"ReadAction\",\"target\":[\"https:\\\/\\\/costabravaparcaventura.com\\\/fr\\\/parcours-aigua-xelida-pals\\\/\"]}]},{\"@type\":\"ImageObject\",\"inLanguage\":\"fr-FR\",\"@id\":\"https:\\\/\\\/costabravaparcaventura.com\\\/fr\\\/parcours-aigua-xelida-pals\\\/#primaryimage\",\"url\":\"https:\\\/\\\/costabravaparcaventura.com\\\/wp-content\\\/uploads\\\/2019\\\/03\\\/taronja_pals.png\",\"contentUrl\":\"https:\\\/\\\/costabravaparcaventura.com\\\/wp-content\\\/uploads\\\/2019\\\/03\\\/taronja_pals.png\",\"width\":290,\"height\":225},{\"@type\":\"BreadcrumbList\",\"@id\":\"https:\\\/\\\/costabravaparcaventura.com\\\/fr\\\/parcours-aigua-xelida-pals\\\/#breadcrumb\",\"itemListElement\":[{\"@type\":\"ListItem\",\"position\":1,\"name\":\"Portada\",\"item\":\"https:\\\/\\\/costabravaparcaventura.com\\\/fr\\\/\"},{\"@type\":\"ListItem\",\"position\":2,\"name\":\"Parcours Aigua X\u00e8lida\"}]},{\"@type\":\"WebSite\",\"@id\":\"https:\\\/\\\/costabravaparcaventura.com\\\/fr\\\/#website\",\"url\":\"https:\\\/\\\/costabravaparcaventura.com\\\/fr\\\/\",\"name\":\"Costa Brava Parc Aventura\",\"description\":\"tirolinas costa brava\",\"publisher\":{\"@id\":\"https:\\\/\\\/costabravaparcaventura.com\\\/fr\\\/#organization\"},\"potentialAction\":[{\"@type\":\"SearchAction\",\"target\":{\"@type\":\"EntryPoint\",\"urlTemplate\":\"https:\\\/\\\/costabravaparcaventura.com\\\/fr\\\/?s={search_term_string}\"},\"query-input\":{\"@type\":\"PropertyValueSpecification\",\"valueRequired\":true,\"valueName\":\"search_term_string\"}}],\"inLanguage\":\"fr-FR\"},{\"@type\":\"Organization\",\"@id\":\"https:\\\/\\\/costabravaparcaventura.com\\\/fr\\\/#organization\",\"name\":\"Costa Brava Parc Aventura\",\"url\":\"https:\\\/\\\/costabravaparcaventura.com\\\/fr\\\/\",\"logo\":{\"@type\":\"ImageObject\",\"inLanguage\":\"fr-FR\",\"@id\":\"https:\\\/\\\/costabravaparcaventura.com\\\/fr\\\/#\\\/schema\\\/logo\\\/image\\\/\",\"url\":\"https:\\\/\\\/costabravaparcaventura.com\\\/wp-content\\\/uploads\\\/2023\\\/07\\\/logo_parc_aventura_600.jpg\",\"contentUrl\":\"https:\\\/\\\/costabravaparcaventura.com\\\/wp-content\\\/uploads\\\/2023\\\/07\\\/logo_parc_aventura_600.jpg\",\"width\":600,\"height\":600,\"caption\":\"Costa Brava Parc Aventura\"},\"image\":{\"@id\":\"https:\\\/\\\/costabravaparcaventura.com\\\/fr\\\/#\\\/schema\\\/logo\\\/image\\\/\"},\"sameAs\":[\"https:\\\/\\\/www.facebook.com\\\/costabravaparcaventura\",\"https:\\\/\\\/x.com\\\/BravaParc\",\"https:\\\/\\\/www.instagram.com\\\/costabravaparcaventura\\\/\",\"https:\\\/\\\/www.youtube.com\\\/user\\\/costabravaparc\"]}]}<\/script>\n<!-- \/ Yoast SEO plugin. -->","yoast_head_json":{"title":"Parcours Aigua Xelida | Pals | Costa Brava Parc Aventura","robots":{"index":"index","follow":"follow","max-snippet":"max-snippet:-1","max-image-preview":"max-image-preview:large","max-video-preview":"max-video-preview:-1"},"canonical":"https:\/\/costabravaparcaventura.com\/fr\/parcours-aigua-xelida-pals\/","og_locale":"fr_FR","og_type":"article","og_title":"Parcours Aigua Xelida | Pals | Costa Brava Parc Aventura","og_description":"6 Activit\u00e9s | Difficult\u00e9\u2b50\u2b50\u2b50\u2b50\u2b50","og_url":"https:\/\/costabravaparcaventura.com\/fr\/parcours-aigua-xelida-pals\/","og_site_name":"Costa Brava Parc Aventura","article_publisher":"https:\/\/www.facebook.com\/costabravaparcaventura","article_modified_time":"2019-09-03T15:24:59+00:00","og_image":[{"width":290,"height":225,"url":"https:\/\/costabravaparcaventura.com\/wp-content\/uploads\/2019\/03\/taronja_pals.png","type":"image\/png"}],"twitter_card":"summary_large_image","twitter_site":"@BravaParc","twitter_misc":{"Dur\u00e9e de lecture estim\u00e9e":"1 minute"},"schema":{"@context":"https:\/\/schema.org","@graph":[{"@type":"WebPage","@id":"https:\/\/costabravaparcaventura.com\/fr\/parcours-aigua-xelida-pals\/","url":"https:\/\/costabravaparcaventura.com\/fr\/parcours-aigua-xelida-pals\/","name":"Parcours Aigua Xelida | Pals | Costa Brava Parc Aventura","isPartOf":{"@id":"https:\/\/costabravaparcaventura.com\/fr\/#website"},"primaryImageOfPage":{"@id":"https:\/\/costabravaparcaventura.com\/fr\/parcours-aigua-xelida-pals\/#primaryimage"},"image":{"@id":"https:\/\/costabravaparcaventura.com\/fr\/parcours-aigua-xelida-pals\/#primaryimage"},"thumbnailUrl":"https:\/\/costabravaparcaventura.com\/wp-content\/uploads\/2019\/03\/taronja_pals.png","datePublished":"2019-04-03T10:07:06+00:00","dateModified":"2019-09-03T15:24:59+00:00","breadcrumb":{"@id":"https:\/\/costabravaparcaventura.com\/fr\/parcours-aigua-xelida-pals\/#breadcrumb"},"inLanguage":"fr-FR","potentialAction":[{"@type":"ReadAction","target":["https:\/\/costabravaparcaventura.com\/fr\/parcours-aigua-xelida-pals\/"]}]},{"@type":"ImageObject","inLanguage":"fr-FR","@id":"https:\/\/costabravaparcaventura.com\/fr\/parcours-aigua-xelida-pals\/#primaryimage","url":"https:\/\/costabravaparcaventura.com\/wp-content\/uploads\/2019\/03\/taronja_pals.png","contentUrl":"https:\/\/costabravaparcaventura.com\/wp-content\/uploads\/2019\/03\/taronja_pals.png","width":290,"height":225},{"@type":"BreadcrumbList","@id":"https:\/\/costabravaparcaventura.com\/fr\/parcours-aigua-xelida-pals\/#breadcrumb","itemListElement":[{"@type":"ListItem","position":1,"name":"Portada","item":"https:\/\/costabravaparcaventura.com\/fr\/"},{"@type":"ListItem","position":2,"name":"Parcours Aigua X\u00e8lida"}]},{"@type":"WebSite","@id":"https:\/\/costabravaparcaventura.com\/fr\/#website","url":"https:\/\/costabravaparcaventura.com\/fr\/","name":"Costa Brava Parc Aventura","description":"tirolinas costa brava","publisher":{"@id":"https:\/\/costabravaparcaventura.com\/fr\/#organization"},"potentialAction":[{"@type":"SearchAction","target":{"@type":"EntryPoint","urlTemplate":"https:\/\/costabravaparcaventura.com\/fr\/?s={search_term_string}"},"query-input":{"@type":"PropertyValueSpecification","valueRequired":true,"valueName":"search_term_string"}}],"inLanguage":"fr-FR"},{"@type":"Organization","@id":"https:\/\/costabravaparcaventura.com\/fr\/#organization","name":"Costa Brava Parc Aventura","url":"https:\/\/costabravaparcaventura.com\/fr\/","logo":{"@type":"ImageObject","inLanguage":"fr-FR","@id":"https:\/\/costabravaparcaventura.com\/fr\/#\/schema\/logo\/image\/","url":"https:\/\/costabravaparcaventura.com\/wp-content\/uploads\/2023\/07\/logo_parc_aventura_600.jpg","contentUrl":"https:\/\/costabravaparcaventura.com\/wp-content\/uploads\/2023\/07\/logo_parc_aventura_600.jpg","width":600,"height":600,"caption":"Costa Brava Parc Aventura"},"image":{"@id":"https:\/\/costabravaparcaventura.com\/fr\/#\/schema\/logo\/image\/"},"sameAs":["https:\/\/www.facebook.com\/costabravaparcaventura","https:\/\/x.com\/BravaParc","https:\/\/www.instagram.com\/costabravaparcaventura\/","https:\/\/www.youtube.com\/user\/costabravaparc"]}]}},"_links":{"self":[{"href":"https:\/\/costabravaparcaventura.com\/fr\/wp-json\/wp\/v2\/pages\/6920","targetHints":{"allow":["GET"]}}],"collection":[{"href":"https:\/\/costabravaparcaventura.com\/fr\/wp-json\/wp\/v2\/pages"}],"about":[{"href":"https:\/\/costabravaparcaventura.com\/fr\/wp-json\/wp\/v2\/types\/page"}],"author":[{"embeddable":true,"href":"https:\/\/costabravaparcaventura.com\/fr\/wp-json\/wp\/v2\/users\/1"}],"replies":[{"embeddable":true,"href":"https:\/\/costabravaparcaventura.com\/fr\/wp-json\/wp\/v2\/comments?post=6920"}],"version-history":[{"count":14,"href":"https:\/\/costabravaparcaventura.com\/fr\/wp-json\/wp\/v2\/pages\/6920\/revisions"}],"predecessor-version":[{"id":12671,"href":"https:\/\/costabravaparcaventura.com\/fr\/wp-json\/wp\/v2\/pages\/6920\/revisions\/12671"}],"wp:featuredmedia":[{"embeddable":true,"href":"https:\/\/costabravaparcaventura.com\/fr\/wp-json\/wp\/v2\/media\/4633"}],"wp:attachment":[{"href":"https:\/\/costabravaparcaventura.com\/fr\/wp-json\/wp\/v2\/media?parent=6920"}],"curies":[{"name":"wp","href":"https:\/\/api.w.org\/{rel}","templated":true}]}}