{"id":10679,"date":"2019-05-31T11:40:21","date_gmt":"2019-05-31T09:40:21","guid":{"rendered":"https:\/\/costabravaparcaventura.com\/?post_type=product&#038;p=10679"},"modified":"2019-06-21T16:41:19","modified_gmt":"2019-06-21T14:41:19","slug":"ridaura-platja-daro","status":"publish","type":"product","link":"https:\/\/costabravaparcaventura.com\/es\/producto\/ridaura-platja-daro\/","title":{"rendered":"Ridaura"},"content":{"rendered":"<p><strong>Descripci\u00f3n<\/strong><br \/>\n\u00a1M\u00e1s de 400 metros de tirolinas en un solo circuito!<\/p>\n<p><b>Accesibilidad <\/b><br \/>\nDirigido a adultos y ni\u00f1os de m\u00e1s de 135cm o 130cm acompa\u00f1ados de un adulto.<\/p>\n<p>Dificultad \u2b50\u2b50\u2b50\u2b50<\/p>","protected":false},"excerpt":{"rendered":"<p>Descripci\u00f3n \u00a1M\u00e1s de 400 metros de tirolinas en un solo circuito! Accesibilidad Dirigido a adultos y ni\u00f1os de m\u00e1s de 135cm o 130cm acompa\u00f1ados de un adulto. Dificultad \u2b50\u2b50\u2b50\u2b50<\/p>\n","protected":false},"featured_media":4315,"comment_status":"closed","ping_status":"closed","template":"","meta":{"_acf_changed":false},"product_brand":[],"product_cat":[132],"product_tag":[],"class_list":{"0":"post-10679","1":"product","2":"type-product","3":"status-publish","4":"has-post-thumbnail","6":"product_cat-elige-tus-circuitos-pda","7":"clearfix","8":"article","10":"first","11":"instock","12":"shipping-taxable","13":"purchasable","14":"product-type-simple"},"acf":[],"yoast_head":"<!-- This site is optimized with the Yoast SEO plugin v27.4 - https:\/\/yoast.com\/product\/yoast-seo-wordpress\/ -->\n<title>Ridaura - Costa Brava Parc Aventura<\/title>\n<meta name=\"robots\" content=\"noindex, follow\" \/>\n<meta property=\"og:locale\" content=\"es_ES\" \/>\n<meta property=\"og:type\" content=\"article\" \/>\n<meta property=\"og:title\" content=\"Ridaura - Costa Brava Parc Aventura\" \/>\n<meta property=\"og:description\" content=\"Descripci\u00f3n \u00a1M\u00e1s de 400 metros de tirolinas en un solo circuito! Accesibilidad Dirigido a adultos y ni\u00f1os de m\u00e1s de 135cm o 130cm acompa\u00f1ados de un adulto. Dificultad \u2b50\u2b50\u2b50\u2b50\" \/>\n<meta property=\"og:url\" content=\"https:\/\/costabravaparcaventura.com\/es\/producto\/ridaura-platja-daro\/\" \/>\n<meta property=\"og:site_name\" content=\"Costa Brava Parc Aventura\" \/>\n<meta property=\"article:publisher\" content=\"https:\/\/www.facebook.com\/costabravaparcaventura\" \/>\n<meta property=\"article:modified_time\" content=\"2019-06-21T14:41:19+00:00\" \/>\n<meta property=\"og:image\" content=\"https:\/\/costabravaparcaventura.com\/wp-content\/uploads\/2019\/03\/lila_circuits-1.png\" \/>\n\t<meta property=\"og:image:width\" content=\"290\" \/>\n\t<meta property=\"og:image:height\" content=\"225\" \/>\n\t<meta property=\"og:image:type\" content=\"image\/png\" \/>\n<meta name=\"twitter:card\" content=\"summary_large_image\" \/>\n<meta name=\"twitter:site\" content=\"@BravaParc\" \/>\n<script type=\"application\/ld+json\" class=\"yoast-schema-graph\">{\"@context\":\"https:\\\/\\\/schema.org\",\"@graph\":[{\"@type\":\"WebPage\",\"@id\":\"https:\\\/\\\/costabravaparcaventura.com\\\/es\\\/producto\\\/ridaura-platja-daro\\\/\",\"url\":\"https:\\\/\\\/costabravaparcaventura.com\\\/es\\\/producto\\\/ridaura-platja-daro\\\/\",\"name\":\"Ridaura - Costa Brava Parc Aventura\",\"isPartOf\":{\"@id\":\"https:\\\/\\\/costabravaparcaventura.com\\\/es\\\/#website\"},\"primaryImageOfPage\":{\"@id\":\"https:\\\/\\\/costabravaparcaventura.com\\\/es\\\/producto\\\/ridaura-platja-daro\\\/#primaryimage\"},\"image\":{\"@id\":\"https:\\\/\\\/costabravaparcaventura.com\\\/es\\\/producto\\\/ridaura-platja-daro\\\/#primaryimage\"},\"thumbnailUrl\":\"https:\\\/\\\/costabravaparcaventura.com\\\/wp-content\\\/uploads\\\/2019\\\/03\\\/lila_circuits-1.png\",\"datePublished\":\"2019-05-31T09:40:21+00:00\",\"dateModified\":\"2019-06-21T14:41:19+00:00\",\"breadcrumb\":{\"@id\":\"https:\\\/\\\/costabravaparcaventura.com\\\/es\\\/producto\\\/ridaura-platja-daro\\\/#breadcrumb\"},\"inLanguage\":\"es\",\"potentialAction\":[{\"@type\":\"ReadAction\",\"target\":[\"https:\\\/\\\/costabravaparcaventura.com\\\/es\\\/producto\\\/ridaura-platja-daro\\\/\"]}]},{\"@type\":\"ImageObject\",\"inLanguage\":\"es\",\"@id\":\"https:\\\/\\\/costabravaparcaventura.com\\\/es\\\/producto\\\/ridaura-platja-daro\\\/#primaryimage\",\"url\":\"https:\\\/\\\/costabravaparcaventura.com\\\/wp-content\\\/uploads\\\/2019\\\/03\\\/lila_circuits-1.png\",\"contentUrl\":\"https:\\\/\\\/costabravaparcaventura.com\\\/wp-content\\\/uploads\\\/2019\\\/03\\\/lila_circuits-1.png\",\"width\":290,\"height\":225},{\"@type\":\"BreadcrumbList\",\"@id\":\"https:\\\/\\\/costabravaparcaventura.com\\\/es\\\/producto\\\/ridaura-platja-daro\\\/#breadcrumb\",\"itemListElement\":[{\"@type\":\"ListItem\",\"position\":1,\"name\":\"Portada\",\"item\":\"https:\\\/\\\/costabravaparcaventura.com\\\/es\\\/\"},{\"@type\":\"ListItem\",\"position\":2,\"name\":\"Shop Platja d&#8217;Aro\",\"item\":\"https:\\\/\\\/costabravaparcaventura.com\\\/es\\\/?page_id=10940\"},{\"@type\":\"ListItem\",\"position\":3,\"name\":\"Ridaura\"}]},{\"@type\":\"WebSite\",\"@id\":\"https:\\\/\\\/costabravaparcaventura.com\\\/es\\\/#website\",\"url\":\"https:\\\/\\\/costabravaparcaventura.com\\\/es\\\/\",\"name\":\"Costa Brava Parc Aventura\",\"description\":\"tirolinas costa brava\",\"publisher\":{\"@id\":\"https:\\\/\\\/costabravaparcaventura.com\\\/es\\\/#organization\"},\"potentialAction\":[{\"@type\":\"SearchAction\",\"target\":{\"@type\":\"EntryPoint\",\"urlTemplate\":\"https:\\\/\\\/costabravaparcaventura.com\\\/es\\\/?s={search_term_string}\"},\"query-input\":{\"@type\":\"PropertyValueSpecification\",\"valueRequired\":true,\"valueName\":\"search_term_string\"}}],\"inLanguage\":\"es\"},{\"@type\":\"Organization\",\"@id\":\"https:\\\/\\\/costabravaparcaventura.com\\\/es\\\/#organization\",\"name\":\"Costa Brava Parc Aventura\",\"url\":\"https:\\\/\\\/costabravaparcaventura.com\\\/es\\\/\",\"logo\":{\"@type\":\"ImageObject\",\"inLanguage\":\"es\",\"@id\":\"https:\\\/\\\/costabravaparcaventura.com\\\/es\\\/#\\\/schema\\\/logo\\\/image\\\/\",\"url\":\"https:\\\/\\\/costabravaparcaventura.com\\\/wp-content\\\/uploads\\\/2023\\\/07\\\/logo_parc_aventura_600.jpg\",\"contentUrl\":\"https:\\\/\\\/costabravaparcaventura.com\\\/wp-content\\\/uploads\\\/2023\\\/07\\\/logo_parc_aventura_600.jpg\",\"width\":600,\"height\":600,\"caption\":\"Costa Brava Parc Aventura\"},\"image\":{\"@id\":\"https:\\\/\\\/costabravaparcaventura.com\\\/es\\\/#\\\/schema\\\/logo\\\/image\\\/\"},\"sameAs\":[\"https:\\\/\\\/www.facebook.com\\\/costabravaparcaventura\",\"https:\\\/\\\/x.com\\\/BravaParc\",\"https:\\\/\\\/www.instagram.com\\\/costabravaparcaventura\\\/\",\"https:\\\/\\\/www.youtube.com\\\/user\\\/costabravaparc\"]}]}<\/script>\n<!-- \/ Yoast SEO plugin. -->","yoast_head_json":{"title":"Ridaura - Costa Brava Parc Aventura","robots":{"index":"noindex","follow":"follow"},"og_locale":"es_ES","og_type":"article","og_title":"Ridaura - Costa Brava Parc Aventura","og_description":"Descripci\u00f3n \u00a1M\u00e1s de 400 metros de tirolinas en un solo circuito! Accesibilidad Dirigido a adultos y ni\u00f1os de m\u00e1s de 135cm o 130cm acompa\u00f1ados de un adulto. Dificultad \u2b50\u2b50\u2b50\u2b50","og_url":"https:\/\/costabravaparcaventura.com\/es\/producto\/ridaura-platja-daro\/","og_site_name":"Costa Brava Parc Aventura","article_publisher":"https:\/\/www.facebook.com\/costabravaparcaventura","article_modified_time":"2019-06-21T14:41:19+00:00","og_image":[{"width":290,"height":225,"url":"https:\/\/costabravaparcaventura.com\/wp-content\/uploads\/2019\/03\/lila_circuits-1.png","type":"image\/png"}],"twitter_card":"summary_large_image","twitter_site":"@BravaParc","schema":{"@context":"https:\/\/schema.org","@graph":[{"@type":"WebPage","@id":"https:\/\/costabravaparcaventura.com\/es\/producto\/ridaura-platja-daro\/","url":"https:\/\/costabravaparcaventura.com\/es\/producto\/ridaura-platja-daro\/","name":"Ridaura - Costa Brava Parc Aventura","isPartOf":{"@id":"https:\/\/costabravaparcaventura.com\/es\/#website"},"primaryImageOfPage":{"@id":"https:\/\/costabravaparcaventura.com\/es\/producto\/ridaura-platja-daro\/#primaryimage"},"image":{"@id":"https:\/\/costabravaparcaventura.com\/es\/producto\/ridaura-platja-daro\/#primaryimage"},"thumbnailUrl":"https:\/\/costabravaparcaventura.com\/wp-content\/uploads\/2019\/03\/lila_circuits-1.png","datePublished":"2019-05-31T09:40:21+00:00","dateModified":"2019-06-21T14:41:19+00:00","breadcrumb":{"@id":"https:\/\/costabravaparcaventura.com\/es\/producto\/ridaura-platja-daro\/#breadcrumb"},"inLanguage":"es","potentialAction":[{"@type":"ReadAction","target":["https:\/\/costabravaparcaventura.com\/es\/producto\/ridaura-platja-daro\/"]}]},{"@type":"ImageObject","inLanguage":"es","@id":"https:\/\/costabravaparcaventura.com\/es\/producto\/ridaura-platja-daro\/#primaryimage","url":"https:\/\/costabravaparcaventura.com\/wp-content\/uploads\/2019\/03\/lila_circuits-1.png","contentUrl":"https:\/\/costabravaparcaventura.com\/wp-content\/uploads\/2019\/03\/lila_circuits-1.png","width":290,"height":225},{"@type":"BreadcrumbList","@id":"https:\/\/costabravaparcaventura.com\/es\/producto\/ridaura-platja-daro\/#breadcrumb","itemListElement":[{"@type":"ListItem","position":1,"name":"Portada","item":"https:\/\/costabravaparcaventura.com\/es\/"},{"@type":"ListItem","position":2,"name":"Shop Platja d&#8217;Aro","item":"https:\/\/costabravaparcaventura.com\/es\/?page_id=10940"},{"@type":"ListItem","position":3,"name":"Ridaura"}]},{"@type":"WebSite","@id":"https:\/\/costabravaparcaventura.com\/es\/#website","url":"https:\/\/costabravaparcaventura.com\/es\/","name":"Costa Brava Parc Aventura","description":"tirolinas costa brava","publisher":{"@id":"https:\/\/costabravaparcaventura.com\/es\/#organization"},"potentialAction":[{"@type":"SearchAction","target":{"@type":"EntryPoint","urlTemplate":"https:\/\/costabravaparcaventura.com\/es\/?s={search_term_string}"},"query-input":{"@type":"PropertyValueSpecification","valueRequired":true,"valueName":"search_term_string"}}],"inLanguage":"es"},{"@type":"Organization","@id":"https:\/\/costabravaparcaventura.com\/es\/#organization","name":"Costa Brava Parc Aventura","url":"https:\/\/costabravaparcaventura.com\/es\/","logo":{"@type":"ImageObject","inLanguage":"es","@id":"https:\/\/costabravaparcaventura.com\/es\/#\/schema\/logo\/image\/","url":"https:\/\/costabravaparcaventura.com\/wp-content\/uploads\/2023\/07\/logo_parc_aventura_600.jpg","contentUrl":"https:\/\/costabravaparcaventura.com\/wp-content\/uploads\/2023\/07\/logo_parc_aventura_600.jpg","width":600,"height":600,"caption":"Costa Brava Parc Aventura"},"image":{"@id":"https:\/\/costabravaparcaventura.com\/es\/#\/schema\/logo\/image\/"},"sameAs":["https:\/\/www.facebook.com\/costabravaparcaventura","https:\/\/x.com\/BravaParc","https:\/\/www.instagram.com\/costabravaparcaventura\/","https:\/\/www.youtube.com\/user\/costabravaparc"]}]}},"_links":{"self":[{"href":"https:\/\/costabravaparcaventura.com\/es\/wp-json\/wp\/v2\/product\/10679","targetHints":{"allow":["GET"]}}],"collection":[{"href":"https:\/\/costabravaparcaventura.com\/es\/wp-json\/wp\/v2\/product"}],"about":[{"href":"https:\/\/costabravaparcaventura.com\/es\/wp-json\/wp\/v2\/types\/product"}],"replies":[{"embeddable":true,"href":"https:\/\/costabravaparcaventura.com\/es\/wp-json\/wp\/v2\/comments?post=10679"}],"wp:featuredmedia":[{"embeddable":true,"href":"https:\/\/costabravaparcaventura.com\/es\/wp-json\/wp\/v2\/media\/4315"}],"wp:attachment":[{"href":"https:\/\/costabravaparcaventura.com\/es\/wp-json\/wp\/v2\/media?parent=10679"}],"wp:term":[{"taxonomy":"product_brand","embeddable":true,"href":"https:\/\/costabravaparcaventura.com\/es\/wp-json\/wp\/v2\/product_brand?post=10679"},{"taxonomy":"product_cat","embeddable":true,"href":"https:\/\/costabravaparcaventura.com\/es\/wp-json\/wp\/v2\/product_cat?post=10679"},{"taxonomy":"product_tag","embeddable":true,"href":"https:\/\/costabravaparcaventura.com\/es\/wp-json\/wp\/v2\/product_tag?post=10679"}],"curies":[{"name":"wp","href":"https:\/\/api.w.org\/{rel}","templated":true}]}}