{"id":10667,"date":"2019-05-31T10:53:18","date_gmt":"2019-05-31T08:53:18","guid":{"rendered":"https:\/\/costabravaparcaventura.com\/?post_type=product&#038;p=10667"},"modified":"2019-09-03T11:22:41","modified_gmt":"2019-09-03T09:22:41","slug":"pack-extrem-platja-daro","status":"publish","type":"product","link":"https:\/\/costabravaparcaventura.com\/es\/producto\/pack-extrem-platja-daro\/","title":{"rendered":"Pack Extrem"},"content":{"rendered":"<p style=\"text-align: center;\">Adultos y ni\u00f1os de m\u00e1s de 150cm.<br \/>\nDificultad \u2b50\u2b50\u2b50\u2b50\u2b50<\/p>","protected":false},"excerpt":{"rendered":"<p><strong>ACCESIBILIDAD<\/strong><\/p>\n<p>Adultos y ni\u00f1os de m\u00e1s de 150cm.<\/p>\n<p>Dificultad \u2b50\u2b50\u2b50\u2b50\u2b50<\/p>\n<hr \/>\n<p><strong>DESCRIPCI\u00d3N<\/strong><\/p>\n<p>Iniciaras tu recorrido con el circuito m\u00e1s largo y divertido del parque, despu\u00e9s sobrevolar\u00e1s el bosque a trav\u00e9s de m\u00e1s de <strong>medio km de tirolinas<\/strong> a una altura de v\u00e9rtigo.<\/p>\n<p>Continuar\u00e1s con un circuito acrob\u00e1tico s\u00f3lo apto para deportistas que buscan desaf\u00edos y finalizar\u00e1s con un <strong>salto al vac\u00edo des de una altura de 13 metros<\/strong>.<br \/>\n<strong>\u00bfTe atreves?<\/strong><\/p>\n<p><strong>\u00bfTe atreves con m\u00e1s de dos horas y medias de aventura en las alturas?<\/strong><\/p>\n<hr \/>\n<p><strong>CIRCUITOS QUE INCLUYE<\/strong><\/p>\n<p style=\"font-size: 16px;\"><span style=\"color: #2e3b4e;\">[fa icon=\"fa-long-arrow-right\" color=\"#ff7240\"] \u00a0 <strong>Supertirolina <a href=\"\/circuito-ridaura-platja-daro\/\" target=\"_blank\" rel=\"noopener noreferrer\">(Ver m\u00e1s)<\/a><\/strong><\/span><\/p>\n<p><span style=\"color: #2e3b4e;\">[fa icon=\"fa-long-arrow-right\" color=\"#ff7240\"] \u00a0 <strong>Illa Roja <a href=\"\/circuito-illa-roja-platja-daro\/\" target=\"_blank\" rel=\"noopener noreferrer\">(Ver m\u00e1s)<\/a><\/strong><\/span><\/p>\n<p><span style=\"color: #2e3b4e;\">[fa icon=\"fa-long-arrow-right\" color=\"#ff7240\"]\u00a0 \u00a0<strong>Cap de Creus <a href=\"\/circuito-cap-de-creus-platja-daro\/\" target=\"_blank\" rel=\"noopener noreferrer\">(Ver m\u00e1s)<\/a><\/strong><\/span><\/p>\n<p><span style=\"color: #2e3b4e;\">[fa icon=\"fa-long-arrow-right\" color=\"#ff7240\"] \u00a0 <strong>Salto al Vac\u00edo <a href=\"\/circuito-rocabona-platja-daro\/\" target=\"_blank\" rel=\"noopener noreferrer\">(Ver m\u00e1s)<\/a><\/strong><\/span><\/p>\n","protected":false},"featured_media":11102,"comment_status":"closed","ping_status":"closed","template":"","meta":{"_acf_changed":false},"product_brand":[],"product_cat":[133],"product_tag":[],"class_list":{"0":"post-10667","1":"product","2":"type-product","3":"status-publish","4":"has-post-thumbnail","6":"product_cat-packs-platja-daro","7":"clearfix","8":"article","10":"first","11":"instock","12":"virtual","13":"purchasable","14":"product-type-simple"},"acf":[],"yoast_head":"<!-- This site is optimized with the Yoast SEO plugin v27.4 - https:\/\/yoast.com\/product\/yoast-seo-wordpress\/ -->\n<title>Pack Extrem - Costa Brava Parc Aventura<\/title>\n<meta name=\"robots\" content=\"noindex, follow\" \/>\n<meta property=\"og:locale\" content=\"es_ES\" \/>\n<meta property=\"og:type\" content=\"article\" \/>\n<meta property=\"og:title\" content=\"Pack Extrem - Costa Brava Parc Aventura\" \/>\n<meta property=\"og:description\" content=\"ACCESIBILIDAD  Adultos y ni\u00f1os de m\u00e1s de 150cm.  Dificultad \u2b50\u2b50\u2b50\u2b50\u2b50    DESCRIPCI\u00d3N  Iniciaras tu recorrido con el circuito m\u00e1s largo y divertido del parque, despu\u00e9s sobrevolar\u00e1s el bosque a trav\u00e9s de m\u00e1s de medio km de tirolinas a una altura de v\u00e9rtigo.  Continuar\u00e1s con un circuito acrob\u00e1tico s\u00f3lo apto para deportistas que buscan desaf\u00edos y finalizar\u00e1s con un salto al vac\u00edo des de una altura de 13 metros.  \u00bfTe atreves?  \u00bfTe atreves con m\u00e1s de dos horas y medias de aventura en las alturas?    CIRCUITOS QUE INCLUYE  \u00a0 Supertirolina (Ver m\u00e1s)  \u00a0 Illa Roja (Ver m\u00e1s)  \u00a0 \u00a0Cap de Creus (Ver m\u00e1s)   \u00a0 Salto al Vac\u00edo (Ver m\u00e1s)\" \/>\n<meta property=\"og:url\" content=\"https:\/\/costabravaparcaventura.com\/es\/producto\/pack-extrem-platja-daro\/\" \/>\n<meta property=\"og:site_name\" content=\"Costa Brava Parc Aventura\" \/>\n<meta property=\"article:publisher\" content=\"https:\/\/www.facebook.com\/costabravaparcaventura\" \/>\n<meta property=\"article:modified_time\" content=\"2019-09-03T09:22:41+00:00\" \/>\n<meta property=\"og:image\" content=\"https:\/\/costabravaparcaventura.com\/wp-content\/uploads\/2019\/05\/Pack-extrem.png\" \/>\n\t<meta property=\"og:image:width\" content=\"315\" \/>\n\t<meta property=\"og:image:height\" content=\"264\" \/>\n\t<meta property=\"og:image:type\" content=\"image\/png\" \/>\n<meta name=\"twitter:card\" content=\"summary_large_image\" \/>\n<meta name=\"twitter:site\" content=\"@BravaParc\" \/>\n<script type=\"application\/ld+json\" class=\"yoast-schema-graph\">{\"@context\":\"https:\\\/\\\/schema.org\",\"@graph\":[{\"@type\":\"WebPage\",\"@id\":\"https:\\\/\\\/costabravaparcaventura.com\\\/es\\\/producto\\\/pack-extrem-platja-daro\\\/\",\"url\":\"https:\\\/\\\/costabravaparcaventura.com\\\/es\\\/producto\\\/pack-extrem-platja-daro\\\/\",\"name\":\"Pack Extrem - Costa Brava Parc Aventura\",\"isPartOf\":{\"@id\":\"https:\\\/\\\/costabravaparcaventura.com\\\/es\\\/#website\"},\"primaryImageOfPage\":{\"@id\":\"https:\\\/\\\/costabravaparcaventura.com\\\/es\\\/producto\\\/pack-extrem-platja-daro\\\/#primaryimage\"},\"image\":{\"@id\":\"https:\\\/\\\/costabravaparcaventura.com\\\/es\\\/producto\\\/pack-extrem-platja-daro\\\/#primaryimage\"},\"thumbnailUrl\":\"https:\\\/\\\/costabravaparcaventura.com\\\/wp-content\\\/uploads\\\/2019\\\/05\\\/Pack-extrem.png\",\"datePublished\":\"2019-05-31T08:53:18+00:00\",\"dateModified\":\"2019-09-03T09:22:41+00:00\",\"breadcrumb\":{\"@id\":\"https:\\\/\\\/costabravaparcaventura.com\\\/es\\\/producto\\\/pack-extrem-platja-daro\\\/#breadcrumb\"},\"inLanguage\":\"es\",\"potentialAction\":[{\"@type\":\"ReadAction\",\"target\":[\"https:\\\/\\\/costabravaparcaventura.com\\\/es\\\/producto\\\/pack-extrem-platja-daro\\\/\"]}]},{\"@type\":\"ImageObject\",\"inLanguage\":\"es\",\"@id\":\"https:\\\/\\\/costabravaparcaventura.com\\\/es\\\/producto\\\/pack-extrem-platja-daro\\\/#primaryimage\",\"url\":\"https:\\\/\\\/costabravaparcaventura.com\\\/wp-content\\\/uploads\\\/2019\\\/05\\\/Pack-extrem.png\",\"contentUrl\":\"https:\\\/\\\/costabravaparcaventura.com\\\/wp-content\\\/uploads\\\/2019\\\/05\\\/Pack-extrem.png\",\"width\":315,\"height\":264},{\"@type\":\"BreadcrumbList\",\"@id\":\"https:\\\/\\\/costabravaparcaventura.com\\\/es\\\/producto\\\/pack-extrem-platja-daro\\\/#breadcrumb\",\"itemListElement\":[{\"@type\":\"ListItem\",\"position\":1,\"name\":\"Portada\",\"item\":\"https:\\\/\\\/costabravaparcaventura.com\\\/es\\\/\"},{\"@type\":\"ListItem\",\"position\":2,\"name\":\"Shop Platja d&#8217;Aro\",\"item\":\"https:\\\/\\\/costabravaparcaventura.com\\\/es\\\/?page_id=10940\"},{\"@type\":\"ListItem\",\"position\":3,\"name\":\"Pack Extrem\"}]},{\"@type\":\"WebSite\",\"@id\":\"https:\\\/\\\/costabravaparcaventura.com\\\/es\\\/#website\",\"url\":\"https:\\\/\\\/costabravaparcaventura.com\\\/es\\\/\",\"name\":\"Costa Brava Parc Aventura\",\"description\":\"tirolinas costa brava\",\"publisher\":{\"@id\":\"https:\\\/\\\/costabravaparcaventura.com\\\/es\\\/#organization\"},\"potentialAction\":[{\"@type\":\"SearchAction\",\"target\":{\"@type\":\"EntryPoint\",\"urlTemplate\":\"https:\\\/\\\/costabravaparcaventura.com\\\/es\\\/?s={search_term_string}\"},\"query-input\":{\"@type\":\"PropertyValueSpecification\",\"valueRequired\":true,\"valueName\":\"search_term_string\"}}],\"inLanguage\":\"es\"},{\"@type\":\"Organization\",\"@id\":\"https:\\\/\\\/costabravaparcaventura.com\\\/es\\\/#organization\",\"name\":\"Costa Brava Parc Aventura\",\"url\":\"https:\\\/\\\/costabravaparcaventura.com\\\/es\\\/\",\"logo\":{\"@type\":\"ImageObject\",\"inLanguage\":\"es\",\"@id\":\"https:\\\/\\\/costabravaparcaventura.com\\\/es\\\/#\\\/schema\\\/logo\\\/image\\\/\",\"url\":\"https:\\\/\\\/costabravaparcaventura.com\\\/wp-content\\\/uploads\\\/2023\\\/07\\\/logo_parc_aventura_600.jpg\",\"contentUrl\":\"https:\\\/\\\/costabravaparcaventura.com\\\/wp-content\\\/uploads\\\/2023\\\/07\\\/logo_parc_aventura_600.jpg\",\"width\":600,\"height\":600,\"caption\":\"Costa Brava Parc Aventura\"},\"image\":{\"@id\":\"https:\\\/\\\/costabravaparcaventura.com\\\/es\\\/#\\\/schema\\\/logo\\\/image\\\/\"},\"sameAs\":[\"https:\\\/\\\/www.facebook.com\\\/costabravaparcaventura\",\"https:\\\/\\\/x.com\\\/BravaParc\",\"https:\\\/\\\/www.instagram.com\\\/costabravaparcaventura\\\/\",\"https:\\\/\\\/www.youtube.com\\\/user\\\/costabravaparc\"]}]}<\/script>\n<!-- \/ Yoast SEO plugin. -->","yoast_head_json":{"title":"Pack Extrem - Costa Brava Parc Aventura","robots":{"index":"noindex","follow":"follow"},"og_locale":"es_ES","og_type":"article","og_title":"Pack Extrem - Costa Brava Parc Aventura","og_description":"ACCESIBILIDAD  Adultos y ni\u00f1os de m\u00e1s de 150cm.  Dificultad \u2b50\u2b50\u2b50\u2b50\u2b50    DESCRIPCI\u00d3N  Iniciaras tu recorrido con el circuito m\u00e1s largo y divertido del parque, despu\u00e9s sobrevolar\u00e1s el bosque a trav\u00e9s de m\u00e1s de medio km de tirolinas a una altura de v\u00e9rtigo.  Continuar\u00e1s con un circuito acrob\u00e1tico s\u00f3lo apto para deportistas que buscan desaf\u00edos y finalizar\u00e1s con un salto al vac\u00edo des de una altura de 13 metros.  \u00bfTe atreves?  \u00bfTe atreves con m\u00e1s de dos horas y medias de aventura en las alturas?    CIRCUITOS QUE INCLUYE  \u00a0 Supertirolina (Ver m\u00e1s)  \u00a0 Illa Roja (Ver m\u00e1s)  \u00a0 \u00a0Cap de Creus (Ver m\u00e1s)   \u00a0 Salto al Vac\u00edo (Ver m\u00e1s)","og_url":"https:\/\/costabravaparcaventura.com\/es\/producto\/pack-extrem-platja-daro\/","og_site_name":"Costa Brava Parc Aventura","article_publisher":"https:\/\/www.facebook.com\/costabravaparcaventura","article_modified_time":"2019-09-03T09:22:41+00:00","og_image":[{"width":315,"height":264,"url":"https:\/\/costabravaparcaventura.com\/wp-content\/uploads\/2019\/05\/Pack-extrem.png","type":"image\/png"}],"twitter_card":"summary_large_image","twitter_site":"@BravaParc","schema":{"@context":"https:\/\/schema.org","@graph":[{"@type":"WebPage","@id":"https:\/\/costabravaparcaventura.com\/es\/producto\/pack-extrem-platja-daro\/","url":"https:\/\/costabravaparcaventura.com\/es\/producto\/pack-extrem-platja-daro\/","name":"Pack Extrem - Costa Brava Parc Aventura","isPartOf":{"@id":"https:\/\/costabravaparcaventura.com\/es\/#website"},"primaryImageOfPage":{"@id":"https:\/\/costabravaparcaventura.com\/es\/producto\/pack-extrem-platja-daro\/#primaryimage"},"image":{"@id":"https:\/\/costabravaparcaventura.com\/es\/producto\/pack-extrem-platja-daro\/#primaryimage"},"thumbnailUrl":"https:\/\/costabravaparcaventura.com\/wp-content\/uploads\/2019\/05\/Pack-extrem.png","datePublished":"2019-05-31T08:53:18+00:00","dateModified":"2019-09-03T09:22:41+00:00","breadcrumb":{"@id":"https:\/\/costabravaparcaventura.com\/es\/producto\/pack-extrem-platja-daro\/#breadcrumb"},"inLanguage":"es","potentialAction":[{"@type":"ReadAction","target":["https:\/\/costabravaparcaventura.com\/es\/producto\/pack-extrem-platja-daro\/"]}]},{"@type":"ImageObject","inLanguage":"es","@id":"https:\/\/costabravaparcaventura.com\/es\/producto\/pack-extrem-platja-daro\/#primaryimage","url":"https:\/\/costabravaparcaventura.com\/wp-content\/uploads\/2019\/05\/Pack-extrem.png","contentUrl":"https:\/\/costabravaparcaventura.com\/wp-content\/uploads\/2019\/05\/Pack-extrem.png","width":315,"height":264},{"@type":"BreadcrumbList","@id":"https:\/\/costabravaparcaventura.com\/es\/producto\/pack-extrem-platja-daro\/#breadcrumb","itemListElement":[{"@type":"ListItem","position":1,"name":"Portada","item":"https:\/\/costabravaparcaventura.com\/es\/"},{"@type":"ListItem","position":2,"name":"Shop Platja d&#8217;Aro","item":"https:\/\/costabravaparcaventura.com\/es\/?page_id=10940"},{"@type":"ListItem","position":3,"name":"Pack Extrem"}]},{"@type":"WebSite","@id":"https:\/\/costabravaparcaventura.com\/es\/#website","url":"https:\/\/costabravaparcaventura.com\/es\/","name":"Costa Brava Parc Aventura","description":"tirolinas costa brava","publisher":{"@id":"https:\/\/costabravaparcaventura.com\/es\/#organization"},"potentialAction":[{"@type":"SearchAction","target":{"@type":"EntryPoint","urlTemplate":"https:\/\/costabravaparcaventura.com\/es\/?s={search_term_string}"},"query-input":{"@type":"PropertyValueSpecification","valueRequired":true,"valueName":"search_term_string"}}],"inLanguage":"es"},{"@type":"Organization","@id":"https:\/\/costabravaparcaventura.com\/es\/#organization","name":"Costa Brava Parc Aventura","url":"https:\/\/costabravaparcaventura.com\/es\/","logo":{"@type":"ImageObject","inLanguage":"es","@id":"https:\/\/costabravaparcaventura.com\/es\/#\/schema\/logo\/image\/","url":"https:\/\/costabravaparcaventura.com\/wp-content\/uploads\/2023\/07\/logo_parc_aventura_600.jpg","contentUrl":"https:\/\/costabravaparcaventura.com\/wp-content\/uploads\/2023\/07\/logo_parc_aventura_600.jpg","width":600,"height":600,"caption":"Costa Brava Parc Aventura"},"image":{"@id":"https:\/\/costabravaparcaventura.com\/es\/#\/schema\/logo\/image\/"},"sameAs":["https:\/\/www.facebook.com\/costabravaparcaventura","https:\/\/x.com\/BravaParc","https:\/\/www.instagram.com\/costabravaparcaventura\/","https:\/\/www.youtube.com\/user\/costabravaparc"]}]}},"_links":{"self":[{"href":"https:\/\/costabravaparcaventura.com\/es\/wp-json\/wp\/v2\/product\/10667","targetHints":{"allow":["GET"]}}],"collection":[{"href":"https:\/\/costabravaparcaventura.com\/es\/wp-json\/wp\/v2\/product"}],"about":[{"href":"https:\/\/costabravaparcaventura.com\/es\/wp-json\/wp\/v2\/types\/product"}],"replies":[{"embeddable":true,"href":"https:\/\/costabravaparcaventura.com\/es\/wp-json\/wp\/v2\/comments?post=10667"}],"wp:featuredmedia":[{"embeddable":true,"href":"https:\/\/costabravaparcaventura.com\/es\/wp-json\/wp\/v2\/media\/11102"}],"wp:attachment":[{"href":"https:\/\/costabravaparcaventura.com\/es\/wp-json\/wp\/v2\/media?parent=10667"}],"wp:term":[{"taxonomy":"product_brand","embeddable":true,"href":"https:\/\/costabravaparcaventura.com\/es\/wp-json\/wp\/v2\/product_brand?post=10667"},{"taxonomy":"product_cat","embeddable":true,"href":"https:\/\/costabravaparcaventura.com\/es\/wp-json\/wp\/v2\/product_cat?post=10667"},{"taxonomy":"product_tag","embeddable":true,"href":"https:\/\/costabravaparcaventura.com\/es\/wp-json\/wp\/v2\/product_tag?post=10667"}],"curies":[{"name":"wp","href":"https:\/\/api.w.org\/{rel}","templated":true}]}}