{"id":3288,"date":"2019-03-19T15:43:28","date_gmt":"2019-03-19T14:43:28","guid":{"rendered":"https:\/\/parcaventura.com\/?page_id=3288"},"modified":"2019-05-13T10:09:48","modified_gmt":"2019-05-13T08:09:48","slug":"seguridad-parque","status":"publish","type":"page","link":"https:\/\/costabravaparcaventura.com\/es\/seguridad-parque\/","title":{"rendered":"Seguridad en el parque"},"content":{"rendered":"<div id=\"pl-3288\"  class=\"panel-layout\" ><div id=\"pg-3288-0\"  class=\"panel-grid panel-no-style\" ><div id=\"pgc-3288-0-0\"  class=\"panel-grid-cell\" ><div id=\"panel-3288-0-0-0\" class=\"so-panel widget widget_sow-editor panel-first-child panel-last-child\" data-index=\"0\" ><div\n\t\t\t\n\t\t\tclass=\"so-widget-sow-editor so-widget-sow-editor-base\"\n\t\t\t\n\t\t>\n<div class=\"siteorigin-widget-tinymce textwidget\">\n\t<h2>Mosquetones inteligentes<\/h2>\n<p>En nuestros parques utilizamos mosquetones inteligentes, un equipo de protecci\u00f3n individual concebido especialmente para actividades de ocio en altura de acuerdo a la directiva 89\/686\/CEE. Se compone de<strong> 2 conectore<\/strong>s y una cabeza que integran <strong>3 niveles de seguridad<\/strong>: <strong>Detecci\u00f3n del anclaje met\u00e1lico <\/strong>(mediante un im\u00e1n), <strong>gatillo de desbloqueo<\/strong> <strong>seguro y sincronizaci\u00f3n de la apertura \/ cierre.<\/strong> La cabeza incluye un bucle destinado a unirse con el arn\u00e9s conforme a la norma EN12277. <\/p>\n<p><strong>\u00a1Con estos mosquetones es imposible quedar desatado!<\/strong><\/p>\n<\/div>\n<\/div><\/div><\/div><div id=\"pgc-3288-0-1\"  class=\"panel-grid-cell\" ><div id=\"panel-3288-0-1-0\" class=\"so-panel widget widget_sow-image panel-first-child panel-last-child\" data-index=\"1\" ><div class=\"panel-widget-style panel-widget-style-for-3288-0-1-0\" ><div\n\t\t\t\n\t\t\tclass=\"so-widget-sow-image so-widget-sow-image-default-8b5b6f678277-3288\"\n\t\t\t\n\t\t>\n<div class=\"sow-image-container\">\n\t\t<img \n\tsrc=\"https:\/\/costabravaparcaventura.com\/wp-content\/uploads\/2019\/03\/mosqueto.png\" width=\"223\" height=\"198\" sizes=\"(max-width: 223px) 100vw, 223px\" alt=\"\" \t\tclass=\"so-widget-image\"\/>\n\t<\/div>\n\n<\/div><\/div><\/div><\/div><\/div><div id=\"pg-3288-1\"  class=\"panel-grid panel-no-style\" ><div id=\"pgc-3288-1-0\"  class=\"panel-grid-cell\" ><div id=\"panel-3288-1-0-0\" class=\"so-panel widget widget_sow-editor panel-first-child panel-last-child\" data-index=\"2\" ><div\n\t\t\t\n\t\t\tclass=\"so-widget-sow-editor so-widget-sow-editor-base\"\n\t\t\t\n\t\t>\n<div class=\"siteorigin-widget-tinymce textwidget\">\n\t<hr class=\"hr--dashed\" \/>\n<\/div>\n<\/div><\/div><\/div><\/div><div id=\"pg-3288-2\"  class=\"panel-grid panel-no-style\" ><div id=\"pgc-3288-2-0\"  class=\"panel-grid-cell\" ><div id=\"panel-3288-2-0-0\" class=\"so-panel widget widget_sow-editor panel-first-child panel-last-child\" data-index=\"3\" ><div\n\t\t\t\n\t\t\tclass=\"so-widget-sow-editor so-widget-sow-editor-base\"\n\t\t\t\n\t\t>\n<div class=\"siteorigin-widget-tinymce textwidget\">\n\t<h2>Normas de seguridad<\/h2>\n<p style=\"font-size: 16px;\"><span style=\"color: #2e3b4e;\"><span class=\"icon-container\"><span class=\"fa fa-long-arrow-right\" style=\"color:#ff7240;\"><\/span><\/span> \u00a0\u00a0<strong>Nuestro parque se rige por las normas europeas<\/strong> UNE EN 15567-1 en lo que respecta a la construcci\u00f3n y UNE EN 15567-2 en lo que respecta a la explotaci\u00f3n. La construcci\u00f3n y todo el material utilizado en nuestras instalaciones son acreditados cada a\u00f1o por la certificaci\u00f3n de una auditor\u00eda externa conforme a la normativa europea.<\/span><\/p>\n<p style=\"font-size: 16px;\"><span style=\"color: #2e3b4e;\"><span class=\"icon-container\"><span class=\"fa fa-long-arrow-right\" style=\"color:#ff7240;\"><\/span><\/span> \u00a0\u00a0Cada a\u00f1o tambi\u00e9n se realiza un estudio fitosanitario con un completo diagn\u00f3stico de la <strong>salud y resistencia de los \u00e1rboles<\/strong> afectados por la construcci\u00f3n.<\/span><\/p>\n<p style=\"font-size: 16px;\"><span style=\"color: #2e3b4e;\"><span class=\"icon-container\"><span class=\"fa fa-long-arrow-right\" style=\"color:#ff7240;\"><\/span><\/span> \u00a0\u00a0<strong>Preservar los valores ecol\u00f3gicos del bosque<\/strong> es nuestro principal objetivo y por eso tanto el entorno, la se\u00f1alizaci\u00f3n de caminos como el no utilizar ning\u00fan elemento met\u00e1lico para no perjudicar a los \u00e1rboles ni su crecimiento, son cuestiones fundamentales.<\/span><\/p>\n<p style=\"font-size: 16px;\"><span style=\"color: #2e3b4e;\"><span class=\"icon-container\"><span class=\"fa fa-long-arrow-right\" style=\"color:#ff7240;\"><\/span><\/span> \u00a0\u00a0Todas las sujeciones se han realizado mediante sistemas de presi\u00f3n y se ha protegido tambi\u00e9n la corteza de los \u00e1rboles con protectores de madera tratada.<\/span><\/p>\n<p style=\"font-size: 16px;\"><span style=\"color: #2e3b4e;\"><span class=\"icon-container\"><span class=\"fa fa-long-arrow-right\" style=\"color:#ff7240;\"><\/span><\/span> \u00a0\u00a0Todas las sujeciones se han realizado mediante sistemas de presi\u00f3n y se ha protegido tambi\u00e9n la corteza de los \u00e1rboles con protectores de madera tratada.<\/span><\/p>\n<p style=\"font-size: 16px;\"><span style=\"color: #2e3b4e;\"><span class=\"icon-container\"><span class=\"fa fa-long-arrow-right\" style=\"color:#ff7240;\"><\/span><\/span> \u00a0\u00a0<strong>La calidad y la seguridad de las instalaciones y los equipos han estado certificados por una empresa auditora externa.<\/strong><\/span><\/p>\n<p style=\"font-size: 16px;\"><span style=\"color: #2e3b4e;\"><span class=\"icon-container\"><span class=\"fa fa-long-arrow-right\" style=\"color:#ff7240;\"><\/span><\/span> \u00a0\u00a0Nuestros monitores te proporcionan el equipo obligatorio,<strong> EPI (equipo de protecci\u00f3n individual)<\/strong>. Una vez equipado, nuestros monitores te explican en el \u00e1rea de briefing o de iniciaci\u00f3n las <strong>normas de seguridad<\/strong> para que puedas progresar de manera segura por las plataformas y los juegos.<\/span><\/p>\n<p style=\"font-size: 16px;\"><span style=\"color: #2e3b4e;\"><span class=\"icon-container\"><span class=\"fa fa-long-arrow-right\" style=\"color:#ff7240;\"><\/span><\/span> \u00a0\u00a0En todo momento, desde el suelo, <strong>un monitor supervisar\u00e1 en todos los circuitos<\/strong> las maniobras de seguridad de los usuarios y el correcto funcionamiento de la actividad.<\/span><\/p>\n<p style=\"font-size: 16px;\"><span style=\"color: #2e3b4e;\"><span class=\"icon-container\"><span class=\"fa fa-long-arrow-right\" style=\"color:#ff7240;\"><\/span><\/span> \u00a0\u00a0Todos los circuitos y material son revisados diariamente antes de la apertura del parque.<\/span><\/p>\n<\/div>\n<\/div><\/div><\/div><\/div><div id=\"pg-3288-3\"  class=\"panel-grid panel-no-style\" ><div id=\"pgc-3288-3-0\"  class=\"panel-grid-cell\" ><div id=\"panel-3288-3-0-0\" class=\"so-panel widget widget_sow-editor panel-first-child panel-last-child\" data-index=\"4\" ><div\n\t\t\t\n\t\t\tclass=\"so-widget-sow-editor so-widget-sow-editor-base\"\n\t\t\t\n\t\t>\n<div class=\"siteorigin-widget-tinymce textwidget\">\n\t<hr class=\"hr--dashed\" \/>\n<\/div>\n<\/div><\/div><\/div><\/div><div id=\"pg-3288-4\"  class=\"panel-grid panel-no-style\" ><div id=\"pgc-3288-4-0\"  class=\"panel-grid-cell panel-grid-cell-empty\" ><\/div><div id=\"pgc-3288-4-1\"  class=\"panel-grid-cell panel-grid-cell-mobile-last\" ><div id=\"panel-3288-4-1-0\" class=\"so-panel widget widget_pw_brochure_box widget-brochure-box panel-first-child panel-last-child\" data-index=\"5\" ><div class=\"panel-widget-style panel-widget-style-for-3288-4-1-0\" >\n\t<a class=\"brochure-box\" href=\"\/wp-content\/uploads\/2019\/05\/Homologacio_normativa_europea.pdf\" target=\"_blank\">\n\t\t<span class=\"brochure-box__icon\"><i class=\"fa  fa-download\"><\/i><\/span>\n\t\t<span class=\"brochure-box__text\">HOMOLOGACI\u00d3N NORMATIVA EUROPA<\/span>\n\t<\/a>\n\n<\/div><\/div><\/div><div id=\"pgc-3288-4-2\"  class=\"panel-grid-cell panel-grid-cell-empty\" ><\/div><\/div><div id=\"pg-3288-5\"  class=\"panel-grid panel-no-style\" ><div id=\"pgc-3288-5-0\"  class=\"panel-grid-cell\" ><div id=\"panel-3288-5-0-0\" class=\"so-panel widget widget_sow-editor panel-first-child panel-last-child\" data-index=\"6\" ><div\n\t\t\t\n\t\t\tclass=\"so-widget-sow-editor so-widget-sow-editor-base\"\n\t\t\t\n\t\t>\n<div class=\"siteorigin-widget-tinymce textwidget\">\n\t<p style=\"text-align: center;\"><iframe loading=\"lazy\" src=\"https:\/\/www.youtube.com\/embed\/x7HubeMy4tE\" width=\"70%\" height=\"400\" frameborder=\"0\" allowfullscreen=\"allowfullscreen\"><\/iframe><\/p>\n<\/div>\n<\/div><\/div><\/div><\/div><\/div>","protected":false},"excerpt":{"rendered":"<p>Disfruta de todo tipo de columpios para distintas edades y dificultades.<\/p>\n","protected":false},"author":1,"featured_media":0,"parent":0,"menu_order":0,"comment_status":"closed","ping_status":"closed","template":"","meta":{"_acf_changed":false,"footnotes":""},"class_list":{"0":"post-3288","1":"page","2":"type-page","3":"status-publish","5":"clearfix","6":"article"},"acf":[],"yoast_head":"<!-- This site is optimized with the Yoast SEO plugin v27.5 - https:\/\/yoast.com\/product\/yoast-seo-wordpress\/ -->\n<title>Seguridad en el parque | Costa Brava Parc Aventura<\/title>\n<meta name=\"description\" content=\"La seguridad es nuestra prioridad y por ello contamos con mosquetones inteligentes con los que es imposible quedar desatado. \u00a1Disfruta sin preocupaciones!\" \/>\n<meta name=\"robots\" content=\"index, follow, max-snippet:-1, max-image-preview:large, max-video-preview:-1\" \/>\n<link rel=\"canonical\" href=\"https:\/\/costabravaparcaventura.com\/es\/seguridad-parque\/\" \/>\n<meta property=\"og:locale\" content=\"es_ES\" \/>\n<meta property=\"og:type\" content=\"article\" \/>\n<meta property=\"og:title\" content=\"Seguridad en el parque | Costa Brava Parc Aventura\" \/>\n<meta property=\"og:description\" content=\"La seguridad es nuestra prioridad y por ello contamos con mosquetones inteligentes con los que es imposible quedar desatado. \u00a1Disfruta sin preocupaciones!\" \/>\n<meta property=\"og:url\" content=\"https:\/\/costabravaparcaventura.com\/es\/seguridad-parque\/\" \/>\n<meta property=\"og:site_name\" content=\"Costa Brava Parc Aventura\" \/>\n<meta property=\"article:publisher\" content=\"https:\/\/www.facebook.com\/costabravaparcaventura\" \/>\n<meta property=\"article:modified_time\" content=\"2019-05-13T08:09:48+00:00\" \/>\n<meta name=\"twitter:card\" content=\"summary_large_image\" \/>\n<meta name=\"twitter:site\" content=\"@BravaParc\" \/>\n<meta name=\"twitter:label1\" content=\"Tiempo de lectura\" \/>\n\t<meta name=\"twitter:data1\" content=\"2 minutos\" \/>\n<script type=\"application\/ld+json\" class=\"yoast-schema-graph\">{\"@context\":\"https:\\\/\\\/schema.org\",\"@graph\":[{\"@type\":\"WebPage\",\"@id\":\"https:\\\/\\\/costabravaparcaventura.com\\\/es\\\/seguridad-parque\\\/\",\"url\":\"https:\\\/\\\/costabravaparcaventura.com\\\/es\\\/seguridad-parque\\\/\",\"name\":\"Seguridad en el parque | Costa Brava Parc Aventura\",\"isPartOf\":{\"@id\":\"https:\\\/\\\/costabravaparcaventura.com\\\/es\\\/#website\"},\"datePublished\":\"2019-03-19T14:43:28+00:00\",\"dateModified\":\"2019-05-13T08:09:48+00:00\",\"description\":\"La seguridad es nuestra prioridad y por ello contamos con mosquetones inteligentes con los que es imposible quedar desatado. \u00a1Disfruta sin preocupaciones!\",\"breadcrumb\":{\"@id\":\"https:\\\/\\\/costabravaparcaventura.com\\\/es\\\/seguridad-parque\\\/#breadcrumb\"},\"inLanguage\":\"es\",\"potentialAction\":[{\"@type\":\"ReadAction\",\"target\":[\"https:\\\/\\\/costabravaparcaventura.com\\\/es\\\/seguridad-parque\\\/\"]}]},{\"@type\":\"BreadcrumbList\",\"@id\":\"https:\\\/\\\/costabravaparcaventura.com\\\/es\\\/seguridad-parque\\\/#breadcrumb\",\"itemListElement\":[{\"@type\":\"ListItem\",\"position\":1,\"name\":\"Portada\",\"item\":\"https:\\\/\\\/costabravaparcaventura.com\\\/es\\\/\"},{\"@type\":\"ListItem\",\"position\":2,\"name\":\"Seguridad en el parque\"}]},{\"@type\":\"WebSite\",\"@id\":\"https:\\\/\\\/costabravaparcaventura.com\\\/es\\\/#website\",\"url\":\"https:\\\/\\\/costabravaparcaventura.com\\\/es\\\/\",\"name\":\"Costa Brava Parc Aventura\",\"description\":\"tirolinas costa brava\",\"publisher\":{\"@id\":\"https:\\\/\\\/costabravaparcaventura.com\\\/es\\\/#organization\"},\"potentialAction\":[{\"@type\":\"SearchAction\",\"target\":{\"@type\":\"EntryPoint\",\"urlTemplate\":\"https:\\\/\\\/costabravaparcaventura.com\\\/es\\\/?s={search_term_string}\"},\"query-input\":{\"@type\":\"PropertyValueSpecification\",\"valueRequired\":true,\"valueName\":\"search_term_string\"}}],\"inLanguage\":\"es\"},{\"@type\":\"Organization\",\"@id\":\"https:\\\/\\\/costabravaparcaventura.com\\\/es\\\/#organization\",\"name\":\"Costa Brava Parc Aventura\",\"url\":\"https:\\\/\\\/costabravaparcaventura.com\\\/es\\\/\",\"logo\":{\"@type\":\"ImageObject\",\"inLanguage\":\"es\",\"@id\":\"https:\\\/\\\/costabravaparcaventura.com\\\/es\\\/#\\\/schema\\\/logo\\\/image\\\/\",\"url\":\"https:\\\/\\\/costabravaparcaventura.com\\\/wp-content\\\/uploads\\\/2023\\\/07\\\/logo_parc_aventura_600.jpg\",\"contentUrl\":\"https:\\\/\\\/costabravaparcaventura.com\\\/wp-content\\\/uploads\\\/2023\\\/07\\\/logo_parc_aventura_600.jpg\",\"width\":600,\"height\":600,\"caption\":\"Costa Brava Parc Aventura\"},\"image\":{\"@id\":\"https:\\\/\\\/costabravaparcaventura.com\\\/es\\\/#\\\/schema\\\/logo\\\/image\\\/\"},\"sameAs\":[\"https:\\\/\\\/www.facebook.com\\\/costabravaparcaventura\",\"https:\\\/\\\/x.com\\\/BravaParc\",\"https:\\\/\\\/www.instagram.com\\\/costabravaparcaventura\\\/\",\"https:\\\/\\\/www.youtube.com\\\/user\\\/costabravaparc\"]}]}<\/script>\n<!-- \/ Yoast SEO plugin. -->","yoast_head_json":{"title":"Seguridad en el parque | Costa Brava Parc Aventura","description":"La seguridad es nuestra prioridad y por ello contamos con mosquetones inteligentes con los que es imposible quedar desatado. \u00a1Disfruta sin preocupaciones!","robots":{"index":"index","follow":"follow","max-snippet":"max-snippet:-1","max-image-preview":"max-image-preview:large","max-video-preview":"max-video-preview:-1"},"canonical":"https:\/\/costabravaparcaventura.com\/es\/seguridad-parque\/","og_locale":"es_ES","og_type":"article","og_title":"Seguridad en el parque | Costa Brava Parc Aventura","og_description":"La seguridad es nuestra prioridad y por ello contamos con mosquetones inteligentes con los que es imposible quedar desatado. \u00a1Disfruta sin preocupaciones!","og_url":"https:\/\/costabravaparcaventura.com\/es\/seguridad-parque\/","og_site_name":"Costa Brava Parc Aventura","article_publisher":"https:\/\/www.facebook.com\/costabravaparcaventura","article_modified_time":"2019-05-13T08:09:48+00:00","twitter_card":"summary_large_image","twitter_site":"@BravaParc","twitter_misc":{"Tiempo de lectura":"2 minutos"},"schema":{"@context":"https:\/\/schema.org","@graph":[{"@type":"WebPage","@id":"https:\/\/costabravaparcaventura.com\/es\/seguridad-parque\/","url":"https:\/\/costabravaparcaventura.com\/es\/seguridad-parque\/","name":"Seguridad en el parque | Costa Brava Parc Aventura","isPartOf":{"@id":"https:\/\/costabravaparcaventura.com\/es\/#website"},"datePublished":"2019-03-19T14:43:28+00:00","dateModified":"2019-05-13T08:09:48+00:00","description":"La seguridad es nuestra prioridad y por ello contamos con mosquetones inteligentes con los que es imposible quedar desatado. \u00a1Disfruta sin preocupaciones!","breadcrumb":{"@id":"https:\/\/costabravaparcaventura.com\/es\/seguridad-parque\/#breadcrumb"},"inLanguage":"es","potentialAction":[{"@type":"ReadAction","target":["https:\/\/costabravaparcaventura.com\/es\/seguridad-parque\/"]}]},{"@type":"BreadcrumbList","@id":"https:\/\/costabravaparcaventura.com\/es\/seguridad-parque\/#breadcrumb","itemListElement":[{"@type":"ListItem","position":1,"name":"Portada","item":"https:\/\/costabravaparcaventura.com\/es\/"},{"@type":"ListItem","position":2,"name":"Seguridad en el parque"}]},{"@type":"WebSite","@id":"https:\/\/costabravaparcaventura.com\/es\/#website","url":"https:\/\/costabravaparcaventura.com\/es\/","name":"Costa Brava Parc Aventura","description":"tirolinas costa brava","publisher":{"@id":"https:\/\/costabravaparcaventura.com\/es\/#organization"},"potentialAction":[{"@type":"SearchAction","target":{"@type":"EntryPoint","urlTemplate":"https:\/\/costabravaparcaventura.com\/es\/?s={search_term_string}"},"query-input":{"@type":"PropertyValueSpecification","valueRequired":true,"valueName":"search_term_string"}}],"inLanguage":"es"},{"@type":"Organization","@id":"https:\/\/costabravaparcaventura.com\/es\/#organization","name":"Costa Brava Parc Aventura","url":"https:\/\/costabravaparcaventura.com\/es\/","logo":{"@type":"ImageObject","inLanguage":"es","@id":"https:\/\/costabravaparcaventura.com\/es\/#\/schema\/logo\/image\/","url":"https:\/\/costabravaparcaventura.com\/wp-content\/uploads\/2023\/07\/logo_parc_aventura_600.jpg","contentUrl":"https:\/\/costabravaparcaventura.com\/wp-content\/uploads\/2023\/07\/logo_parc_aventura_600.jpg","width":600,"height":600,"caption":"Costa Brava Parc Aventura"},"image":{"@id":"https:\/\/costabravaparcaventura.com\/es\/#\/schema\/logo\/image\/"},"sameAs":["https:\/\/www.facebook.com\/costabravaparcaventura","https:\/\/x.com\/BravaParc","https:\/\/www.instagram.com\/costabravaparcaventura\/","https:\/\/www.youtube.com\/user\/costabravaparc"]}]}},"_links":{"self":[{"href":"https:\/\/costabravaparcaventura.com\/es\/wp-json\/wp\/v2\/pages\/3288","targetHints":{"allow":["GET"]}}],"collection":[{"href":"https:\/\/costabravaparcaventura.com\/es\/wp-json\/wp\/v2\/pages"}],"about":[{"href":"https:\/\/costabravaparcaventura.com\/es\/wp-json\/wp\/v2\/types\/page"}],"author":[{"embeddable":true,"href":"https:\/\/costabravaparcaventura.com\/es\/wp-json\/wp\/v2\/users\/1"}],"replies":[{"embeddable":true,"href":"https:\/\/costabravaparcaventura.com\/es\/wp-json\/wp\/v2\/comments?post=3288"}],"version-history":[{"count":36,"href":"https:\/\/costabravaparcaventura.com\/es\/wp-json\/wp\/v2\/pages\/3288\/revisions"}],"predecessor-version":[{"id":10099,"href":"https:\/\/costabravaparcaventura.com\/es\/wp-json\/wp\/v2\/pages\/3288\/revisions\/10099"}],"wp:attachment":[{"href":"https:\/\/costabravaparcaventura.com\/es\/wp-json\/wp\/v2\/media?parent=3288"}],"curies":[{"name":"wp","href":"https:\/\/api.w.org\/{rel}","templated":true}]}}