{"id":3259,"date":"2019-03-19T14:47:17","date_gmt":"2019-03-19T13:47:17","guid":{"rendered":"https:\/\/parcaventura.com\/?page_id=3259"},"modified":"2019-07-26T10:39:58","modified_gmt":"2019-07-26T08:39:58","slug":"circuito-cap-de-creus-platja-daro","status":"publish","type":"page","link":"https:\/\/costabravaparcaventura.com\/es\/circuito-cap-de-creus-platja-daro\/","title":{"rendered":"Circuito Cap de Creus"},"content":{"rendered":"<div id=\"pl-3259\"  class=\"panel-layout\" ><div id=\"pg-3259-0\"  class=\"panel-grid panel-no-style\" ><div id=\"pgc-3259-0-0\"  class=\"panel-grid-cell\" ><div id=\"panel-3259-0-0-0\" class=\"so-panel widget widget_sow-editor panel-first-child\" data-index=\"0\" ><div\n\t\t\t\n\t\t\tclass=\"so-widget-sow-editor so-widget-sow-editor-base\"\n\t\t\t\n\t\t>\n<div class=\"siteorigin-widget-tinymce textwidget\">\n\t<h2>Circuito de aventuras<\/h2>\n<p style=\"font-size: 16px;\">Cap de Creus es el circuito con <strong>m\u00e1s dificultad t\u00e9cnica del parque<\/strong>. Accesible a partir de 150cm de altura, 145cm acompa\u00f1ado de un adulto. Dispone de 8 actividades y 7 plataformas a una altura entre 10 y 12 metros. <\/p>\n<p style=\"font-size: 16px;\" <strong>En el circuito encontrar\u00e9is escaleras, redes, puentes y obst\u00e1culos de gran habilidad t\u00e9cnica. Debido a su alto nivel de exigencia f\u00edsica y t\u00e9cnica, es recomendado solo para personas con un <strong>buen nivel f\u00edsico.<\/strong><\/p>\n<\/div>\n<\/div><\/div><div id=\"panel-3259-0-0-1\" class=\"so-panel widget widget_sow-editor\" data-index=\"1\" ><div\n\t\t\t\n\t\t\tclass=\"so-widget-sow-editor so-widget-sow-editor-base\"\n\t\t\t\n\t\t>\n<div class=\"siteorigin-widget-tinymce textwidget\">\n\t<hr class=\"hr--dashed\" \/>\n<\/div>\n<\/div><\/div><div id=\"panel-3259-0-0-2\" class=\"so-panel widget widget_sow-editor\" data-index=\"2\" ><div\n\t\t\t\n\t\t\tclass=\"so-widget-sow-editor so-widget-sow-editor-base\"\n\t\t\t\n\t\t>\n<div class=\"siteorigin-widget-tinymce textwidget\">\n\t<h3>Caracter\u00edsticas<\/h3>\n<\/div>\n<\/div><\/div><div id=\"panel-3259-0-0-3\" class=\"so-panel widget widget_sow-editor\" data-index=\"3\" ><div\n\t\t\t\n\t\t\tclass=\"so-widget-sow-editor so-widget-sow-editor-base\"\n\t\t\t\n\t\t>\n<div class=\"siteorigin-widget-tinymce textwidget\">\n\t<p style=\"font-size: 16px\"><span style=\"color: #2e3b4e\"><span class=\"icon-container\"><span class=\"fa fa-long-arrow-right\" style=\"color:#ff7240;\"><\/span><\/span> \u00a0\u00a0<strong>Dificultad: exigente <\/strong><\/span><\/p>\n<p style=\"font-size: 16px\"><span style=\"color: #2e3b4e\"><span class=\"icon-container\"><span class=\"fa fa-long-arrow-right\" style=\"color:#ff7240;\"><\/span><\/span> \u00a0\u00a0<strong>Duraci\u00f3n: 45 minutos<\/strong><\/span><\/p>\n<p style=\"font-size: 16px\"><span style=\"color: #2e3b4e\"><span class=\"icon-container\"><span class=\"fa fa-long-arrow-right\" style=\"color:#ff7240;\"><\/span><\/span> \u00a0\u00a0<strong>N\u00famero de actividades: 8<\/strong><\/span><\/p>\n<p style=\"font-size: 16px\"><span style=\"color: #2e3b4e\"><span class=\"icon-container\"><span class=\"fa fa-long-arrow-right\" style=\"color:#ff7240;\"><\/span><\/span> \u00a0\u00a0<strong>Longitud: 42 metros <\/strong><\/span><\/p>\n<p style=\"font-size: 16px\"><span style=\"color: #2e3b4e\"><span class=\"icon-container\"><span class=\"fa fa-long-arrow-right\" style=\"color:#ff7240;\"><\/span><\/span> \u00a0\u00a0<strong>Altura plataforma: 10-12 metros <\/strong><\/span><\/p>\n<p style=\"font-size: 16px\"><span style=\"color: #2e3b4e\"><span class=\"icon-container\"><span class=\"fa fa-long-arrow-right\" style=\"color:#ff7240;\"><\/span><\/span> \u00a0\u00a0<strong>Altura l\u00ednea de vida: 145cm<\/strong><\/span><\/p>\n<p style=\"font-size: 16px\"><span style=\"color: #2e3b4e\"><span class=\"icon-container\"><span class=\"fa fa-long-arrow-right\" style=\"color:#ff7240;\"><\/span><\/span> \u00a0\u00a0<strong>Accesible: a partir de 150cm y 145cm acompa\u00f1ados de un adulto. <\/strong><\/span><\/p>\n<p style=\"font-size: 16px\"><span style=\"color: #2e3b4e\"><span class=\"icon-container\"><span class=\"fa fa-long-arrow-right\" style=\"color:#ff7240;\"><\/span><\/span> \u00a0\u00a0<strong>Salida de emergencia: \u00e1rbol n\u00famero 4<\/strong><\/span><\/p>\n<\/div>\n<\/div><\/div><div id=\"panel-3259-0-0-4\" class=\"so-panel widget widget_sow-editor\" data-index=\"4\" ><div\n\t\t\t\n\t\t\tclass=\"so-widget-sow-editor so-widget-sow-editor-base\"\n\t\t\t\n\t\t>\n<div class=\"siteorigin-widget-tinymce textwidget\">\n\t<hr class=\"hr--dashed\" \/>\n<\/div>\n<\/div><\/div><div id=\"panel-3259-0-0-5\" class=\"so-panel widget widget_pw_accordion widget-accordion panel-last-child\" data-index=\"5\" >\t<div class=\"accordion panel-group\" id=\"accordion-widget-0-0-5\" role=\"tablist\" aria-multiselectable=\"true\">\n\t\t\t<div class=\"accordion__panel  panel  panel-default  card\">\n\t\t\t<div class=\"accordion__heading  panel-heading\" role=\"tab\" id=\"heading-widget-0-0-5-1\">\n\t\t\t\t<div class=\"panel-title\">\n\t\t\t\t\t<a class=\"collapsed\" role=\"button\" data-toggle=\"collapse\" data-parent=\"#accordion-widget-0-0-5\" href=\"#collapse-widget-0-0-5-1\" aria-expanded=\"false\" aria-controls=\"collapse-widget-0-0-5-1\">\n\t\t\t\t\t\tMapa del circuito\t\t\t\t\t<\/a>\n\t\t\t\t<\/div>\n\t\t\t<\/div>\n\t\t\t<div id=\"collapse-widget-0-0-5-1\" class=\"accordion__content  panel-collapse  collapse\" role=\"tabpanel\" aria-labelledby=\"heading-widget-0-0-5-1\">\n\t\t\t\t<div class=\"panel-body\">\n\t\t\t\t\t<br> <img decoding=\"async\" src=\"\/wp-content\/uploads\/2019\/03\/Circuito-cap-de-creus.png\" \/>\t\t\t\t<\/div>\n\t\t\t<\/div>\n\t\t<\/div>\n\t\t\t<\/div>\n\n<\/div><\/div><div id=\"pgc-3259-0-1\"  class=\"panel-grid-cell\" ><div id=\"panel-3259-0-1-0\" class=\"so-panel widget widget_sow-editor panel-first-child\" data-index=\"6\" ><div\n\t\t\t\n\t\t\tclass=\"so-widget-sow-editor so-widget-sow-editor-base\"\n\t\t\t\n\t\t>\n<div class=\"siteorigin-widget-tinymce textwidget\">\n\t<h2> Actividades de aventuras <span style=\"color: #2e3b4e;font-weight: 300\"> <\/span><\/h2>\n<\/div>\n<\/div><\/div><div id=\"panel-3259-0-1-1\" class=\"so-panel widget widget_media_gallery\" data-index=\"7\" ><div id='gallery-1' class='gallery galleryid-3259 gallery-columns-3 gallery-size-full'><figure class='gallery-item'>\n\t\t\t<div class='gallery-icon landscape'>\n\t\t\t\t<img loading=\"lazy\" decoding=\"async\" width=\"798\" height=\"462\" src=\"https:\/\/costabravaparcaventura.com\/wp-content\/uploads\/2019\/03\/1_escalada_infernal-1.jpg\" class=\"attachment-full size-full\" alt=\"\" aria-describedby=\"gallery-1-4485\" srcset=\"https:\/\/costabravaparcaventura.com\/wp-content\/uploads\/2019\/03\/1_escalada_infernal-1.jpg 798w, https:\/\/costabravaparcaventura.com\/wp-content\/uploads\/2019\/03\/1_escalada_infernal-1-600x347.jpg 600w, https:\/\/costabravaparcaventura.com\/wp-content\/uploads\/2019\/03\/1_escalada_infernal-1-300x174.jpg 300w, https:\/\/costabravaparcaventura.com\/wp-content\/uploads\/2019\/03\/1_escalada_infernal-1-768x445.jpg 768w\" sizes=\"auto, (max-width: 798px) 100vw, 798px\" \/>\n\t\t\t<\/div>\n\t\t\t\t<figcaption class='wp-caption-text gallery-caption' id='gallery-1-4485'>\n\t\t\t\tEscalada infernal\n\t\t\t\t<\/figcaption><\/figure><figure class='gallery-item'>\n\t\t\t<div class='gallery-icon landscape'>\n\t\t\t\t<img loading=\"lazy\" decoding=\"async\" width=\"798\" height=\"462\" src=\"https:\/\/costabravaparcaventura.com\/wp-content\/uploads\/2019\/03\/2_corda_amb_elastic-1.jpg\" class=\"attachment-full size-full\" alt=\"\" aria-describedby=\"gallery-1-4489\" srcset=\"https:\/\/costabravaparcaventura.com\/wp-content\/uploads\/2019\/03\/2_corda_amb_elastic-1.jpg 798w, https:\/\/costabravaparcaventura.com\/wp-content\/uploads\/2019\/03\/2_corda_amb_elastic-1-600x347.jpg 600w, https:\/\/costabravaparcaventura.com\/wp-content\/uploads\/2019\/03\/2_corda_amb_elastic-1-300x174.jpg 300w, https:\/\/costabravaparcaventura.com\/wp-content\/uploads\/2019\/03\/2_corda_amb_elastic-1-768x445.jpg 768w\" sizes=\"auto, (max-width: 798px) 100vw, 798px\" \/>\n\t\t\t<\/div>\n\t\t\t\t<figcaption class='wp-caption-text gallery-caption' id='gallery-1-4489'>\n\t\t\t\tCorda amb el\u00e0stic\n\t\t\t\t<\/figcaption><\/figure><figure class='gallery-item'>\n\t\t\t<div class='gallery-icon landscape'>\n\t\t\t\t<img loading=\"lazy\" decoding=\"async\" width=\"798\" height=\"462\" src=\"https:\/\/costabravaparcaventura.com\/wp-content\/uploads\/2019\/03\/3_troncs_verticals-1-1.jpg\" class=\"attachment-full size-full\" alt=\"\" aria-describedby=\"gallery-1-4493\" srcset=\"https:\/\/costabravaparcaventura.com\/wp-content\/uploads\/2019\/03\/3_troncs_verticals-1-1.jpg 798w, https:\/\/costabravaparcaventura.com\/wp-content\/uploads\/2019\/03\/3_troncs_verticals-1-1-600x347.jpg 600w, https:\/\/costabravaparcaventura.com\/wp-content\/uploads\/2019\/03\/3_troncs_verticals-1-1-300x174.jpg 300w, https:\/\/costabravaparcaventura.com\/wp-content\/uploads\/2019\/03\/3_troncs_verticals-1-1-768x445.jpg 768w\" sizes=\"auto, (max-width: 798px) 100vw, 798px\" \/>\n\t\t\t<\/div>\n\t\t\t\t<figcaption class='wp-caption-text gallery-caption' id='gallery-1-4493'>\n\t\t\t\tTronc vertical\n\t\t\t\t<\/figcaption><\/figure><figure class='gallery-item'>\n\t\t\t<div class='gallery-icon landscape'>\n\t\t\t\t<img loading=\"lazy\" decoding=\"async\" width=\"850\" height=\"495\" src=\"https:\/\/costabravaparcaventura.com\/wp-content\/uploads\/2019\/03\/ESTREPS-TRAPEZI-ACA\u0300CIA.jpg\" class=\"attachment-full size-full\" alt=\"\" aria-describedby=\"gallery-1-4497\" srcset=\"https:\/\/costabravaparcaventura.com\/wp-content\/uploads\/2019\/03\/ESTREPS-TRAPEZI-ACA\u0300CIA.jpg 850w, https:\/\/costabravaparcaventura.com\/wp-content\/uploads\/2019\/03\/ESTREPS-TRAPEZI-ACA\u0300CIA-600x349.jpg 600w, https:\/\/costabravaparcaventura.com\/wp-content\/uploads\/2019\/03\/ESTREPS-TRAPEZI-ACA\u0300CIA-300x175.jpg 300w, https:\/\/costabravaparcaventura.com\/wp-content\/uploads\/2019\/03\/ESTREPS-TRAPEZI-ACA\u0300CIA-768x447.jpg 768w\" sizes=\"auto, (max-width: 850px) 100vw, 850px\" \/>\n\t\t\t<\/div>\n\t\t\t\t<figcaption class='wp-caption-text gallery-caption' id='gallery-1-4497'>\n\t\t\t\tAnelles + estreps + corda\n\t\t\t\t<\/figcaption><\/figure><figure class='gallery-item'>\n\t\t\t<div class='gallery-icon landscape'>\n\t\t\t\t<img loading=\"lazy\" decoding=\"async\" width=\"798\" height=\"462\" src=\"https:\/\/costabravaparcaventura.com\/wp-content\/uploads\/2019\/03\/5_xarxes_suspeses-1-1.jpg\" class=\"attachment-full size-full\" alt=\"\" aria-describedby=\"gallery-1-4501\" srcset=\"https:\/\/costabravaparcaventura.com\/wp-content\/uploads\/2019\/03\/5_xarxes_suspeses-1-1.jpg 798w, https:\/\/costabravaparcaventura.com\/wp-content\/uploads\/2019\/03\/5_xarxes_suspeses-1-1-600x347.jpg 600w, https:\/\/costabravaparcaventura.com\/wp-content\/uploads\/2019\/03\/5_xarxes_suspeses-1-1-300x174.jpg 300w, https:\/\/costabravaparcaventura.com\/wp-content\/uploads\/2019\/03\/5_xarxes_suspeses-1-1-768x445.jpg 768w\" sizes=\"auto, (max-width: 798px) 100vw, 798px\" \/>\n\t\t\t<\/div>\n\t\t\t\t<figcaption class='wp-caption-text gallery-caption' id='gallery-1-4501'>\n\t\t\t\tXarxes suspeses\n\t\t\t\t<\/figcaption><\/figure><figure class='gallery-item'>\n\t\t\t<div class='gallery-icon landscape'>\n\t\t\t\t<img loading=\"lazy\" decoding=\"async\" width=\"798\" height=\"462\" src=\"https:\/\/costabravaparcaventura.com\/wp-content\/uploads\/2019\/03\/6_troncs_flotants-1.jpg\" class=\"attachment-full size-full\" alt=\"\" aria-describedby=\"gallery-1-4505\" srcset=\"https:\/\/costabravaparcaventura.com\/wp-content\/uploads\/2019\/03\/6_troncs_flotants-1.jpg 798w, https:\/\/costabravaparcaventura.com\/wp-content\/uploads\/2019\/03\/6_troncs_flotants-1-600x347.jpg 600w, https:\/\/costabravaparcaventura.com\/wp-content\/uploads\/2019\/03\/6_troncs_flotants-1-300x174.jpg 300w, https:\/\/costabravaparcaventura.com\/wp-content\/uploads\/2019\/03\/6_troncs_flotants-1-768x445.jpg 768w\" sizes=\"auto, (max-width: 798px) 100vw, 798px\" \/>\n\t\t\t<\/div>\n\t\t\t\t<figcaption class='wp-caption-text gallery-caption' id='gallery-1-4505'>\n\t\t\t\tTroncs flotants\n\t\t\t\t<\/figcaption><\/figure>\n\t\t<\/div>\n<\/div><div id=\"panel-3259-0-1-2\" class=\"so-panel widget widget_media_gallery panel-last-child\" data-index=\"8\" ><div class=\"panel-widget-style panel-widget-style-for-3259-0-1-2\" ><div id='gallery-2' class='gallery galleryid-3259 gallery-columns-3 gallery-size-full'><figure class='gallery-item'>\n\t\t\t<div class='gallery-icon landscape'>\n\t\t\t\t<img loading=\"lazy\" decoding=\"async\" width=\"798\" height=\"462\" src=\"https:\/\/costabravaparcaventura.com\/wp-content\/uploads\/2019\/03\/7_passamans-1-2-1.jpg\" class=\"attachment-full size-full\" alt=\"\" aria-describedby=\"gallery-2-4520\" srcset=\"https:\/\/costabravaparcaventura.com\/wp-content\/uploads\/2019\/03\/7_passamans-1-2-1.jpg 798w, https:\/\/costabravaparcaventura.com\/wp-content\/uploads\/2019\/03\/7_passamans-1-2-1-600x347.jpg 600w, https:\/\/costabravaparcaventura.com\/wp-content\/uploads\/2019\/03\/7_passamans-1-2-1-300x174.jpg 300w, https:\/\/costabravaparcaventura.com\/wp-content\/uploads\/2019\/03\/7_passamans-1-2-1-768x445.jpg 768w\" sizes=\"auto, (max-width: 798px) 100vw, 798px\" \/>\n\t\t\t<\/div>\n\t\t\t\t<figcaption class='wp-caption-text gallery-caption' id='gallery-2-4520'>\n\t\t\t\tPassamans ac\u00e0cia\n\t\t\t\t<\/figcaption><\/figure><figure class='gallery-item'>\n\t\t\t<div class='gallery-icon landscape'>\n\t\t\t\t<img loading=\"lazy\" decoding=\"async\" width=\"798\" height=\"462\" src=\"https:\/\/costabravaparcaventura.com\/wp-content\/uploads\/2019\/03\/8_escala_vertigen-3-1.jpg\" class=\"attachment-full size-full\" alt=\"\" aria-describedby=\"gallery-2-4524\" srcset=\"https:\/\/costabravaparcaventura.com\/wp-content\/uploads\/2019\/03\/8_escala_vertigen-3-1.jpg 798w, https:\/\/costabravaparcaventura.com\/wp-content\/uploads\/2019\/03\/8_escala_vertigen-3-1-600x347.jpg 600w, https:\/\/costabravaparcaventura.com\/wp-content\/uploads\/2019\/03\/8_escala_vertigen-3-1-300x174.jpg 300w, https:\/\/costabravaparcaventura.com\/wp-content\/uploads\/2019\/03\/8_escala_vertigen-3-1-768x445.jpg 768w\" sizes=\"auto, (max-width: 798px) 100vw, 798px\" \/>\n\t\t\t<\/div>\n\t\t\t\t<figcaption class='wp-caption-text gallery-caption' id='gallery-2-4524'>\n\t\t\t\tEscala vertigen\n\t\t\t\t<\/figcaption><\/figure>\n\t\t<\/div>\n<\/div><\/div><\/div><\/div><\/div>","protected":false},"excerpt":{"rendered":"<p>8 Actividades | Dificultad \u2b50\u2b50\u2b50\u2b50\u2b50\u2b50<\/p>\n","protected":false},"author":5,"featured_media":4309,"parent":0,"menu_order":0,"comment_status":"closed","ping_status":"closed","template":"","meta":{"_acf_changed":false,"footnotes":""},"class_list":{"0":"post-3259","1":"page","2":"type-page","3":"status-publish","4":"has-post-thumbnail","6":"clearfix","7":"article"},"acf":[],"yoast_head":"<!-- This site is optimized with the Yoast SEO plugin v27.4 - https:\/\/yoast.com\/product\/yoast-seo-wordpress\/ -->\n<title>Circuito Cap de Creus | Platja d&#039;Aro | Costa Brava Parc Aventura<\/title>\n<meta name=\"description\" content=\"Cap de Creus es un circuito reservado para los m\u00e1s preparados. Es el m\u00e1s exigente de todo el parque, con 17 actividades de aventura que te pondr\u00e1n a prueba.\" \/>\n<meta name=\"robots\" content=\"index, follow, max-snippet:-1, max-image-preview:large, max-video-preview:-1\" \/>\n<link rel=\"canonical\" href=\"https:\/\/costabravaparcaventura.com\/es\/circuito-cap-de-creus-platja-daro\/\" \/>\n<meta property=\"og:locale\" content=\"es_ES\" \/>\n<meta property=\"og:type\" content=\"article\" \/>\n<meta property=\"og:title\" content=\"Circuito Cap de Creus | Platja d&#039;Aro | Costa Brava Parc Aventura\" \/>\n<meta property=\"og:description\" content=\"Cap de Creus es un circuito reservado para los m\u00e1s preparados. Es el m\u00e1s exigente de todo el parque, con 17 actividades de aventura que te pondr\u00e1n a prueba.\" \/>\n<meta property=\"og:url\" content=\"https:\/\/costabravaparcaventura.com\/es\/circuito-cap-de-creus-platja-daro\/\" \/>\n<meta property=\"og:site_name\" content=\"Costa Brava Parc Aventura\" \/>\n<meta property=\"article:publisher\" content=\"https:\/\/www.facebook.com\/costabravaparcaventura\" \/>\n<meta property=\"article:modified_time\" content=\"2019-07-26T08:39:58+00:00\" \/>\n<meta property=\"og:image\" content=\"https:\/\/costabravaparcaventura.com\/wp-content\/uploads\/2019\/03\/negre_circuits-1.png\" \/>\n\t<meta property=\"og:image:width\" content=\"290\" \/>\n\t<meta property=\"og:image:height\" content=\"225\" \/>\n\t<meta property=\"og:image:type\" content=\"image\/png\" \/>\n<meta name=\"twitter:card\" content=\"summary_large_image\" \/>\n<meta name=\"twitter:site\" content=\"@BravaParc\" \/>\n<script type=\"application\/ld+json\" class=\"yoast-schema-graph\">{\"@context\":\"https:\\\/\\\/schema.org\",\"@graph\":[{\"@type\":\"WebPage\",\"@id\":\"https:\\\/\\\/costabravaparcaventura.com\\\/es\\\/circuito-cap-de-creus-platja-daro\\\/\",\"url\":\"https:\\\/\\\/costabravaparcaventura.com\\\/es\\\/circuito-cap-de-creus-platja-daro\\\/\",\"name\":\"Circuito Cap de Creus | Platja d'Aro | Costa Brava Parc Aventura\",\"isPartOf\":{\"@id\":\"https:\\\/\\\/costabravaparcaventura.com\\\/es\\\/#website\"},\"primaryImageOfPage\":{\"@id\":\"https:\\\/\\\/costabravaparcaventura.com\\\/es\\\/circuito-cap-de-creus-platja-daro\\\/#primaryimage\"},\"image\":{\"@id\":\"https:\\\/\\\/costabravaparcaventura.com\\\/es\\\/circuito-cap-de-creus-platja-daro\\\/#primaryimage\"},\"thumbnailUrl\":\"https:\\\/\\\/costabravaparcaventura.com\\\/wp-content\\\/uploads\\\/2019\\\/03\\\/negre_circuits-1.png\",\"datePublished\":\"2019-03-19T13:47:17+00:00\",\"dateModified\":\"2019-07-26T08:39:58+00:00\",\"description\":\"Cap de Creus es un circuito reservado para los m\u00e1s preparados. Es el m\u00e1s exigente de todo el parque, con 17 actividades de aventura que te pondr\u00e1n a prueba.\",\"breadcrumb\":{\"@id\":\"https:\\\/\\\/costabravaparcaventura.com\\\/es\\\/circuito-cap-de-creus-platja-daro\\\/#breadcrumb\"},\"inLanguage\":\"es\",\"potentialAction\":[{\"@type\":\"ReadAction\",\"target\":[\"https:\\\/\\\/costabravaparcaventura.com\\\/es\\\/circuito-cap-de-creus-platja-daro\\\/\"]}]},{\"@type\":\"ImageObject\",\"inLanguage\":\"es\",\"@id\":\"https:\\\/\\\/costabravaparcaventura.com\\\/es\\\/circuito-cap-de-creus-platja-daro\\\/#primaryimage\",\"url\":\"https:\\\/\\\/costabravaparcaventura.com\\\/wp-content\\\/uploads\\\/2019\\\/03\\\/negre_circuits-1.png\",\"contentUrl\":\"https:\\\/\\\/costabravaparcaventura.com\\\/wp-content\\\/uploads\\\/2019\\\/03\\\/negre_circuits-1.png\",\"width\":290,\"height\":225},{\"@type\":\"BreadcrumbList\",\"@id\":\"https:\\\/\\\/costabravaparcaventura.com\\\/es\\\/circuito-cap-de-creus-platja-daro\\\/#breadcrumb\",\"itemListElement\":[{\"@type\":\"ListItem\",\"position\":1,\"name\":\"Portada\",\"item\":\"https:\\\/\\\/costabravaparcaventura.com\\\/es\\\/\"},{\"@type\":\"ListItem\",\"position\":2,\"name\":\"Circuito Cap de Creus\"}]},{\"@type\":\"WebSite\",\"@id\":\"https:\\\/\\\/costabravaparcaventura.com\\\/es\\\/#website\",\"url\":\"https:\\\/\\\/costabravaparcaventura.com\\\/es\\\/\",\"name\":\"Costa Brava Parc Aventura\",\"description\":\"tirolinas costa brava\",\"publisher\":{\"@id\":\"https:\\\/\\\/costabravaparcaventura.com\\\/es\\\/#organization\"},\"potentialAction\":[{\"@type\":\"SearchAction\",\"target\":{\"@type\":\"EntryPoint\",\"urlTemplate\":\"https:\\\/\\\/costabravaparcaventura.com\\\/es\\\/?s={search_term_string}\"},\"query-input\":{\"@type\":\"PropertyValueSpecification\",\"valueRequired\":true,\"valueName\":\"search_term_string\"}}],\"inLanguage\":\"es\"},{\"@type\":\"Organization\",\"@id\":\"https:\\\/\\\/costabravaparcaventura.com\\\/es\\\/#organization\",\"name\":\"Costa Brava Parc Aventura\",\"url\":\"https:\\\/\\\/costabravaparcaventura.com\\\/es\\\/\",\"logo\":{\"@type\":\"ImageObject\",\"inLanguage\":\"es\",\"@id\":\"https:\\\/\\\/costabravaparcaventura.com\\\/es\\\/#\\\/schema\\\/logo\\\/image\\\/\",\"url\":\"https:\\\/\\\/costabravaparcaventura.com\\\/wp-content\\\/uploads\\\/2023\\\/07\\\/logo_parc_aventura_600.jpg\",\"contentUrl\":\"https:\\\/\\\/costabravaparcaventura.com\\\/wp-content\\\/uploads\\\/2023\\\/07\\\/logo_parc_aventura_600.jpg\",\"width\":600,\"height\":600,\"caption\":\"Costa Brava Parc Aventura\"},\"image\":{\"@id\":\"https:\\\/\\\/costabravaparcaventura.com\\\/es\\\/#\\\/schema\\\/logo\\\/image\\\/\"},\"sameAs\":[\"https:\\\/\\\/www.facebook.com\\\/costabravaparcaventura\",\"https:\\\/\\\/x.com\\\/BravaParc\",\"https:\\\/\\\/www.instagram.com\\\/costabravaparcaventura\\\/\",\"https:\\\/\\\/www.youtube.com\\\/user\\\/costabravaparc\"]}]}<\/script>\n<!-- \/ Yoast SEO plugin. -->","yoast_head_json":{"title":"Circuito Cap de Creus | Platja d'Aro | Costa Brava Parc Aventura","description":"Cap de Creus es un circuito reservado para los m\u00e1s preparados. Es el m\u00e1s exigente de todo el parque, con 17 actividades de aventura que te pondr\u00e1n a prueba.","robots":{"index":"index","follow":"follow","max-snippet":"max-snippet:-1","max-image-preview":"max-image-preview:large","max-video-preview":"max-video-preview:-1"},"canonical":"https:\/\/costabravaparcaventura.com\/es\/circuito-cap-de-creus-platja-daro\/","og_locale":"es_ES","og_type":"article","og_title":"Circuito Cap de Creus | Platja d'Aro | Costa Brava Parc Aventura","og_description":"Cap de Creus es un circuito reservado para los m\u00e1s preparados. Es el m\u00e1s exigente de todo el parque, con 17 actividades de aventura que te pondr\u00e1n a prueba.","og_url":"https:\/\/costabravaparcaventura.com\/es\/circuito-cap-de-creus-platja-daro\/","og_site_name":"Costa Brava Parc Aventura","article_publisher":"https:\/\/www.facebook.com\/costabravaparcaventura","article_modified_time":"2019-07-26T08:39:58+00:00","og_image":[{"width":290,"height":225,"url":"https:\/\/costabravaparcaventura.com\/wp-content\/uploads\/2019\/03\/negre_circuits-1.png","type":"image\/png"}],"twitter_card":"summary_large_image","twitter_site":"@BravaParc","schema":{"@context":"https:\/\/schema.org","@graph":[{"@type":"WebPage","@id":"https:\/\/costabravaparcaventura.com\/es\/circuito-cap-de-creus-platja-daro\/","url":"https:\/\/costabravaparcaventura.com\/es\/circuito-cap-de-creus-platja-daro\/","name":"Circuito Cap de Creus | Platja d'Aro | Costa Brava Parc Aventura","isPartOf":{"@id":"https:\/\/costabravaparcaventura.com\/es\/#website"},"primaryImageOfPage":{"@id":"https:\/\/costabravaparcaventura.com\/es\/circuito-cap-de-creus-platja-daro\/#primaryimage"},"image":{"@id":"https:\/\/costabravaparcaventura.com\/es\/circuito-cap-de-creus-platja-daro\/#primaryimage"},"thumbnailUrl":"https:\/\/costabravaparcaventura.com\/wp-content\/uploads\/2019\/03\/negre_circuits-1.png","datePublished":"2019-03-19T13:47:17+00:00","dateModified":"2019-07-26T08:39:58+00:00","description":"Cap de Creus es un circuito reservado para los m\u00e1s preparados. Es el m\u00e1s exigente de todo el parque, con 17 actividades de aventura que te pondr\u00e1n a prueba.","breadcrumb":{"@id":"https:\/\/costabravaparcaventura.com\/es\/circuito-cap-de-creus-platja-daro\/#breadcrumb"},"inLanguage":"es","potentialAction":[{"@type":"ReadAction","target":["https:\/\/costabravaparcaventura.com\/es\/circuito-cap-de-creus-platja-daro\/"]}]},{"@type":"ImageObject","inLanguage":"es","@id":"https:\/\/costabravaparcaventura.com\/es\/circuito-cap-de-creus-platja-daro\/#primaryimage","url":"https:\/\/costabravaparcaventura.com\/wp-content\/uploads\/2019\/03\/negre_circuits-1.png","contentUrl":"https:\/\/costabravaparcaventura.com\/wp-content\/uploads\/2019\/03\/negre_circuits-1.png","width":290,"height":225},{"@type":"BreadcrumbList","@id":"https:\/\/costabravaparcaventura.com\/es\/circuito-cap-de-creus-platja-daro\/#breadcrumb","itemListElement":[{"@type":"ListItem","position":1,"name":"Portada","item":"https:\/\/costabravaparcaventura.com\/es\/"},{"@type":"ListItem","position":2,"name":"Circuito Cap de Creus"}]},{"@type":"WebSite","@id":"https:\/\/costabravaparcaventura.com\/es\/#website","url":"https:\/\/costabravaparcaventura.com\/es\/","name":"Costa Brava Parc Aventura","description":"tirolinas costa brava","publisher":{"@id":"https:\/\/costabravaparcaventura.com\/es\/#organization"},"potentialAction":[{"@type":"SearchAction","target":{"@type":"EntryPoint","urlTemplate":"https:\/\/costabravaparcaventura.com\/es\/?s={search_term_string}"},"query-input":{"@type":"PropertyValueSpecification","valueRequired":true,"valueName":"search_term_string"}}],"inLanguage":"es"},{"@type":"Organization","@id":"https:\/\/costabravaparcaventura.com\/es\/#organization","name":"Costa Brava Parc Aventura","url":"https:\/\/costabravaparcaventura.com\/es\/","logo":{"@type":"ImageObject","inLanguage":"es","@id":"https:\/\/costabravaparcaventura.com\/es\/#\/schema\/logo\/image\/","url":"https:\/\/costabravaparcaventura.com\/wp-content\/uploads\/2023\/07\/logo_parc_aventura_600.jpg","contentUrl":"https:\/\/costabravaparcaventura.com\/wp-content\/uploads\/2023\/07\/logo_parc_aventura_600.jpg","width":600,"height":600,"caption":"Costa Brava Parc Aventura"},"image":{"@id":"https:\/\/costabravaparcaventura.com\/es\/#\/schema\/logo\/image\/"},"sameAs":["https:\/\/www.facebook.com\/costabravaparcaventura","https:\/\/x.com\/BravaParc","https:\/\/www.instagram.com\/costabravaparcaventura\/","https:\/\/www.youtube.com\/user\/costabravaparc"]}]}},"_links":{"self":[{"href":"https:\/\/costabravaparcaventura.com\/es\/wp-json\/wp\/v2\/pages\/3259","targetHints":{"allow":["GET"]}}],"collection":[{"href":"https:\/\/costabravaparcaventura.com\/es\/wp-json\/wp\/v2\/pages"}],"about":[{"href":"https:\/\/costabravaparcaventura.com\/es\/wp-json\/wp\/v2\/types\/page"}],"author":[{"embeddable":true,"href":"https:\/\/costabravaparcaventura.com\/es\/wp-json\/wp\/v2\/users\/5"}],"replies":[{"embeddable":true,"href":"https:\/\/costabravaparcaventura.com\/es\/wp-json\/wp\/v2\/comments?post=3259"}],"version-history":[{"count":50,"href":"https:\/\/costabravaparcaventura.com\/es\/wp-json\/wp\/v2\/pages\/3259\/revisions"}],"predecessor-version":[{"id":7748,"href":"https:\/\/costabravaparcaventura.com\/es\/wp-json\/wp\/v2\/pages\/3259\/revisions\/7748"}],"wp:featuredmedia":[{"embeddable":true,"href":"https:\/\/costabravaparcaventura.com\/es\/wp-json\/wp\/v2\/media\/4309"}],"wp:attachment":[{"href":"https:\/\/costabravaparcaventura.com\/es\/wp-json\/wp\/v2\/media?parent=3259"}],"curies":[{"name":"wp","href":"https:\/\/api.w.org\/{rel}","templated":true}]}}