{"id":2757,"date":"2019-03-13T09:15:51","date_gmt":"2019-03-13T08:15:51","guid":{"rendered":"https:\/\/parcaventura.com\/?page_id=2757"},"modified":"2019-07-04T16:08:57","modified_gmt":"2019-07-04T14:08:57","slug":"politica-de-privacidad-y-cookies","status":"publish","type":"page","link":"https:\/\/costabravaparcaventura.com\/es\/politica-de-privacidad-y-cookies\/","title":{"rendered":"Pol\u00edtica de privacidad y cookies"},"content":{"rendered":"<p><strong>POL\u00cdTICA DE PRIVACITAT<\/strong><\/p>\n<p>A continuaci\u00f3 proporcionem tota la informaci\u00f3 necess\u00e0ria sobre la Pol\u00edtica de Privacitat en relaci\u00f3 amb les dades personals que recaptem, explicant:<\/p>\n<ul>\n<li>Qui \u00e9s el responsable del tractament de les teves dades.<\/li>\n<li>Per a quines finalitats recaptem les dades que sol\u00b7licitem.<\/li>\n<li>Quina \u00e9s la legitimaci\u00f3 per al seu tractament.<\/li>\n<li>Durant quant de temps les conservem.<\/li>\n<li>A quins destinataris es comuniquen les teves dades.<\/li>\n<li>Quins s\u00f3n els teus drets.<\/li>\n<\/ul>\n<p><strong>RESPONSABLE<\/strong><\/p>\n<p>El domini www.costabravaparcaventura.com \u00e9s propietat de\u00a0AEROPARKS, SL.<\/p>\n<p>AEROPARKS, SL<br \/>\nAv. De la Cerdanya, s\/n<br \/>\n17537 La Molina \u2013GIRONA<br \/>\nCIF: B-55195481<\/p>\n<p>Finalitats, legitimaci\u00f3 i conservaci\u00f3 dels tractaments de les dades enviades a trav\u00e9s de:<\/p>\n<p><strong>ENVIAMENT DE CORREUS ELECTR\u00d2NICS<\/strong><\/p>\n<p>Finalitat: Facilitar un mitj\u00e0 perqu\u00e8 puguis posar-te en contacte amb nosaltres i contestar a les teves sol\u00b7licituds d\u2019informaci\u00f3 i atendre les teves peticions, aix\u00ed com enviar-te comunicacions dels nostres productes, serveis i activitats, inclusivament per mitjans electr\u00f2nics (Correu electr\u00f2nic, SMS, WhatsApp), si marca la casella d\u2019acceptaci\u00f3.<br \/>\nLegitimaci\u00f3: El consentiment de l\u2019usuari en sol\u00b7licitar-nos informaci\u00f3 a trav\u00e9s de l\u2019adre\u00e7a de correu electr\u00f2nic i en marcar la casella d\u2019acceptaci\u00f3 d\u2019enviament d\u2019informaci\u00f3.<br \/>\nConservaci\u00f3: Una vegada resulta la seva sol\u00b7licitud per mitj\u00e0 del nostre formulari o contestada per correu electr\u00f2nic, si no ha generat un nou tractament, i en cas d\u2019haver acceptat rebre enviaments comercials, fins que sol\u00b7liciti la baixa dels mateixos.<\/p>\n<p><strong>SUBSCRIPCI\u00d3 A LA NOSTRA NEWSLETTER<\/strong><\/p>\n<p>Finalitat: Enviament del nostre butllet\u00ed comercial i de comunicacions informatives i publicit\u00e0ries sobre els nostres productes o serveis que siguin del teu inter\u00e8s, fins i tot per mitjans electr\u00f2nics (Correu electr\u00f2nic, SMS, WhatsApp).<br \/>\nLegitimaci\u00f3: El consentiment de l\u2019usuari en subscriure\u2019s als nostres enviaments comercials i\/o newsletters.<br \/>\nConservaci\u00f3: Fins que l\u2019interessat rebutji el consentiment i sol\u00b7liciti la baixa del servei.<br \/>\nObligaci\u00f3 de facilitar-nos les teves dades personals i conseq\u00fc\u00e8ncies de no fer-ho.<\/p>\n<p>El subministrament de dades personals requereix una edat m\u00ednima de 13 anys, o si escau, disposar de capacitat jur\u00eddica suficient per contractar.<\/p>\n<p>Les dades personals sol\u00b7licitades s\u00f3n necess\u00e0ries per gestionar les seves sol\u00b7licituds i\/o prestar-te els serveis que puguis contractar, per la qual cosa, si no ens les facilites, no podrem atendre\u2019t correctament ni prestar el servei que has sol\u00b7licitat.<\/p>\n<p>&nbsp;<\/p>\n<p><strong>DESTINATARIS DE LES TEVES DADES<\/strong><\/p>\n<p>Les teves dades s\u00f3n confidencials i no se cediran a tercers, tret que es requereixi per gestionar els serveis contractats o que existeixi obligaci\u00f3 legal.<\/p>\n<p>Drets en relaci\u00f3 amb les teves dades personals<\/p>\n<p>Qualsevol persona pot retirar el seu consentiment en qualsevol moment, quan el mateix s\u2019hagi atorgat per al tractament de les seves dades. En cap cas, la retirada d\u2019aquest consentiment condiciona l\u2019execuci\u00f3 del contracte de subscripci\u00f3 o les relacions generades amb anterioritat.<\/p>\n<p>Igualment, pots exercir els seg\u00fcents drets:<\/p>\n<ul>\n<li>Sol\u00b7licitar l\u2019acc\u00e9s a les teves dades personals o la seva rectificaci\u00f3 quan siguin inexactes.<\/li>\n<li>Sol\u00b7licitar la seva supressi\u00f3 quan, entre altres motius, les dades ja no siguin necess\u00e0ries per a les finalitats pels quals van ser recollides.<\/li>\n<li>Sol\u00b7licitar la limitaci\u00f3 del seu tractament en determinades circumst\u00e0ncies.<\/li>\n<li>Sol\u00b7licitar l\u2019oposici\u00f3 al tractament de les teves dades per motius relacionats amb la teva situaci\u00f3 particular.<\/li>\n<li>Sol\u00b7licitar la portabilitat de les dades en els casos previstos a la normativa.<\/li>\n<li>Altres drets reconeguts en les normatives aplicables.<\/li>\n<li>On i com sol\u00b7licitar els teus Drets: Mitjan\u00e7ant un escrit dirigit al responsable a la seva adre\u00e7a postal o electr\u00f2nica (indicades m\u00e9s amunt), indicant la refer\u00e8ncia \u201cDades Personals\u201d, especificant el dret que es vol exercir i respecte a quines dades personals.<\/li>\n<\/ul>\n<p>En cas de diverg\u00e8ncies amb l\u2019empresa en relaci\u00f3 amb el tractament de les teves dades, pots presentar una reclamaci\u00f3 davant l\u2019Autoritat de Protecci\u00f3 de Dades (<a href=\"http:\/\/www.agpd.es\/\">www.agpd.es<\/a>).<\/p>\n<p><strong>COOKIES<\/strong><\/p>\n<p>Aquesta p\u00e0gina web, \u00fanicament utilitza cookies t\u00e8cniques, de personalitzaci\u00f3 i an\u00e0lisi, pr\u00f2pies i de tercers (Google Analytics, Flickr, Google Maps i Youtube), que en cap cas tracten dades de car\u00e0cter personal ni capten h\u00e0bits de navegaci\u00f3 per a finalitats publicit\u00e0ries.<\/p>\n<p>Per aix\u00f2, en accedir a la nostra web, en compliment de l\u2019article 22 de la Llei de Serveis de la Societat de la Informaci\u00f3, en tractar cookies d\u2019an\u00e0lisi, li hem sol\u00b7licitat el seu consentiment per al seu \u00fas i facilitat informaci\u00f3 de les mateixes, que en tot cas s\u2019instal\u00b7laran passat un termini de temps prudencial perqu\u00e8 l\u2019usuari tingui temps de decidir prestar el seu consentiment o no.<\/p>\n<p>Seguretat de les teves dades personals<\/p>\n<p>Amb l\u2019objectiu de salvaguardar la seguretat de les seves dades personals, l\u2019informem que hem adoptat totes les mesures t\u00e8cniques i organitzatives necess\u00e0ries per garantir la seguretat de les dades personals subministrades de la seva alteraci\u00f3, p\u00e8rdua, i tractaments o accessos no autoritzats.<\/p>\n<p>Cookies pr\u00f2pies i d\u2019an\u00e0lisi:<\/p>\n<p>_ga: Aquesta cookie s\u2019utilitza per distingir usuaris \u00fanics mitjan\u00e7ant l\u2019assignaci\u00f3 d\u2019un nombre generat aleat\u00f2riament com un identificador de client.<br \/>\n__utma: Distingeix entre usuaris i sessions.<br \/>\n__utmb: Determina noves sessions i visites.<br \/>\n__utmc: Determina el lloc en el que l\u2019usuari accedeix a cada sessi\u00f3 o visita.<br \/>\n__utmv: Aquesta cookie permet als propietaris de llocs web per rastrejar el comportament del visitant i mesurar el rendiment del lloc.<br \/>\n__utmz: Enmagatzema l\u2019origen del tr\u00e0fic de la web.<br \/>\n_icl_current_language: Usat per recordar la configuraci\u00f3 d\u2019idioma de l\u2019usuari<br \/>\nviewed_cookie_policy: Aquesta cookie t\u00e9 la finalitat de recordar la prefer\u00e8ncia del usuari respecte de la informaci\u00f3 facilitada sobre l\u2019acceptaci\u00f3 de la pol\u00edtica de cookies.<\/p>\n<p><strong>Cookies de tercers:<\/strong><\/p>\n<p>Flickr \u00e9s un lloc web gratu\u00eft que permet emmagatzemar, ordenar, buscar, vendre i compartir fotografies i v\u00eddeos en l\u00ednia. Flickr utilitza m\u00e9s galetes com \u201cliqph\u201d, \u201cbx\u201d, \u201cb\u201d, \u201cxb\u201d, \u201clocalization\u201d. Aquestes galetes guarden diversos identificadors \u00fanics i configuraci\u00f3 del visor d\u2019imatges de flickr. M\u00e9s informaci\u00f3 sobre la pol\u00edtica de cookies i privacitat de Flickr.<\/p>\n<p>Google Maps \u00e9s un servei de mapes prove\u00eft per Google. Les galetes de Google Maps registren l\u2019origen de l\u2019usuari, aix\u00ed com les keywords. Tamb\u00e9 es genera un prefix \u00fanic, que \u00e9s el que s\u2019utilitza per fer recompte de quantes vegades visita el lloc un usuari. M\u00e9s informaci\u00f3 sobre les galetes de Google i informaci\u00f3 sobre la privacitat. Les cookies utilitzades per Google Maps s\u00f3n PREF i NID.<\/p>\n<p>Youtube \u00e9s un servei de Google en el qual els usuaris poden pujar i compartir v\u00eddeos. Youtube utilitza cookies pr\u00f2pies com ara \u201cVISITOR_INFO_LIVE\u201d i \u201cYSC\u201d, i tamb\u00e9 pot utilitzar cookies pr\u00f2pies de Google per identificar l\u2019usuari i identificar les seves prefer\u00e8ncies com ara \u201cPREF\u201d, \u201cNID\u201d, \u201cGAPS\u201d, \u201cLSID\u201d, \u201cBEAT \u201co\u201d ULS \u201c. M\u00e9s informaci\u00f3 sobre la pol\u00edtica de cookies de google.<\/p>\n<p>M\u00e9s informaci\u00f3 sobre cookies<\/p>\n<p>A la http:\/\/cookiepedia.co.uk\/ podeu trobar informaci\u00f3 detallada de totes les cookies.<\/p>\n<p>Les cookies \u201c__utmz\u201d, \u201c__utmc\u201d, \u201c__utma\u201d i \u201c__utmb\u201d, s\u00f3n les que utilitza Google Analytics per recopilar informaci\u00f3 de forma an\u00f2nima i elaborar informes de tend\u00e8ncies del lloc web sense identificar usuaris individuals. A continuaci\u00f3 incloem un enlla\u00e7 al lloc web de Google on pot consultar la descripci\u00f3 del tipus de cookies que utilitza Google Analitycs: https:\/\/developers.google.com\/analytics\/devguides\/collection\/analyticsjs\/cookie-usage?hl=es<\/p>\n<p>L\u2019usuari pot desactivar les cookies an\u00f2nimes de Google Analytics per evitar que el lloc web envi\u00ef informaci\u00f3 de les seves visites a Google Analytics. Per obtenir m\u00e9s informaci\u00f3, visiteu: http:\/\/www.google.com\/analytics\/learn\/privacy.html. Tamb\u00e9 pot instal \u00b7 lar en els navegadors un complement que ha desenvolupat Google per inhabilitar l\u2019enviament de dades a Google Analytics. El complement es pot descarregar a: https:\/\/tools.google.com\/dlpage\/gaoptout?hl=es<\/p>\n<p>Aix\u00ed mateix, l\u2019informem que si interactua amb el contingut del nostre lloc web tamb\u00e9 es poden establir altres galetes de tercers (per exemple, en pr\u00e9mer botons de xarxes socials o interactuar amb mapes allotjats en un altre lloc web). Les galetes de tercers, s\u00f3n aquelles establertes per a un domini diferent del nostre lloc web, com ara Facebook, Twitter o Google. No podem accedir a les dades emmagatzemades en les cookies d\u2019altres llocs web quan navegui en aquests llocs web.<\/p>\n<p><strong>ACTUALITZACI\u00d3 DE LES TEVES DADES<\/strong><\/p>\n<p>\u00c9s important que perqu\u00e8 puguem mantenir les teves dades personals actualitzades, ens informis sempre que hi hagi hagut alguna modificaci\u00f3 en elles, en cas contrari, no respondrem de la veracitat de les mateixes.<\/p>\n<p>No ens fem responsables de la pol\u00edtica de privadesa respecte a les dades personals que puguis facilitar a tercers per mitj\u00e0 dels enlla\u00e7os disponibles a la nostra p\u00e0gina web.<\/p>\n<p>La present Pol\u00edtica de Privadesa pot ser modificada per adaptar-les als canvis que es produeixin al nostre web, aix\u00ed com modificacions legislatives o jurisprudencials sobre dades personals que vagin apareixent, per la qual cosa exigeix la seva lectura, cada vegada que ens facilitis les teves dades a trav\u00e9s d\u2019aquesta Web.<\/p>","protected":false},"excerpt":{"rendered":"<p>POL\u00cdTICA DE PRIVACITAT A continuaci\u00f3 proporcionem tota la informaci\u00f3 necess\u00e0ria sobre la Pol\u00edtica de Privacitat en relaci\u00f3 amb les dades personals que recaptem, explicant: Qui \u00e9s el responsable del tractament de les teves dades. Per a quines finalitats recaptem les dades que sol\u00b7licitem. Quina \u00e9s la legitimaci\u00f3 per al seu tractament. Durant quant de temps &hellip;<\/p>\n","protected":false},"author":1,"featured_media":0,"parent":0,"menu_order":0,"comment_status":"closed","ping_status":"closed","template":"","meta":{"_acf_changed":false,"footnotes":""},"class_list":{"0":"post-2757","1":"page","2":"type-page","3":"status-publish","5":"clearfix","6":"article"},"acf":[],"yoast_head":"<!-- This site is optimized with the Yoast SEO plugin v27.4 - https:\/\/yoast.com\/product\/yoast-seo-wordpress\/ -->\n<title>Pol\u00edtica de privacidad y cookies - Costa Brava Parc Aventura<\/title>\n<meta name=\"robots\" content=\"index, follow, max-snippet:-1, max-image-preview:large, max-video-preview:-1\" \/>\n<link rel=\"canonical\" href=\"https:\/\/costabravaparcaventura.com\/es\/politica-de-privacidad-y-cookies\/\" \/>\n<meta property=\"og:locale\" content=\"es_ES\" \/>\n<meta property=\"og:type\" content=\"article\" \/>\n<meta property=\"og:title\" content=\"Pol\u00edtica de privacidad y cookies - Costa Brava Parc Aventura\" \/>\n<meta property=\"og:description\" content=\"POL\u00cdTICA DE PRIVACITAT A continuaci\u00f3 proporcionem tota la informaci\u00f3 necess\u00e0ria sobre la Pol\u00edtica de Privacitat en relaci\u00f3 amb les dades personals que recaptem, explicant: Qui \u00e9s el responsable del tractament de les teves dades. Per a quines finalitats recaptem les dades que sol\u00b7licitem. Quina \u00e9s la legitimaci\u00f3 per al seu tractament. Durant quant de temps &hellip;\" \/>\n<meta property=\"og:url\" content=\"https:\/\/costabravaparcaventura.com\/es\/politica-de-privacidad-y-cookies\/\" \/>\n<meta property=\"og:site_name\" content=\"Costa Brava Parc Aventura\" \/>\n<meta property=\"article:publisher\" content=\"https:\/\/www.facebook.com\/costabravaparcaventura\" \/>\n<meta property=\"article:modified_time\" content=\"2019-07-04T14:08:57+00:00\" \/>\n<meta name=\"twitter:card\" content=\"summary_large_image\" \/>\n<meta name=\"twitter:site\" content=\"@BravaParc\" \/>\n<meta name=\"twitter:label1\" content=\"Tiempo de lectura\" \/>\n\t<meta name=\"twitter:data1\" content=\"8 minutos\" \/>\n<script type=\"application\/ld+json\" class=\"yoast-schema-graph\">{\"@context\":\"https:\\\/\\\/schema.org\",\"@graph\":[{\"@type\":\"WebPage\",\"@id\":\"https:\\\/\\\/costabravaparcaventura.com\\\/es\\\/politica-de-privacidad-y-cookies\\\/\",\"url\":\"https:\\\/\\\/costabravaparcaventura.com\\\/es\\\/politica-de-privacidad-y-cookies\\\/\",\"name\":\"Pol\u00edtica de privacidad y cookies - Costa Brava Parc Aventura\",\"isPartOf\":{\"@id\":\"https:\\\/\\\/costabravaparcaventura.com\\\/es\\\/#website\"},\"datePublished\":\"2019-03-13T08:15:51+00:00\",\"dateModified\":\"2019-07-04T14:08:57+00:00\",\"breadcrumb\":{\"@id\":\"https:\\\/\\\/costabravaparcaventura.com\\\/es\\\/politica-de-privacidad-y-cookies\\\/#breadcrumb\"},\"inLanguage\":\"es\",\"potentialAction\":[{\"@type\":\"ReadAction\",\"target\":[\"https:\\\/\\\/costabravaparcaventura.com\\\/es\\\/politica-de-privacidad-y-cookies\\\/\"]}]},{\"@type\":\"BreadcrumbList\",\"@id\":\"https:\\\/\\\/costabravaparcaventura.com\\\/es\\\/politica-de-privacidad-y-cookies\\\/#breadcrumb\",\"itemListElement\":[{\"@type\":\"ListItem\",\"position\":1,\"name\":\"Portada\",\"item\":\"https:\\\/\\\/costabravaparcaventura.com\\\/es\\\/\"},{\"@type\":\"ListItem\",\"position\":2,\"name\":\"Pol\u00edtica de privacidad y cookies\"}]},{\"@type\":\"WebSite\",\"@id\":\"https:\\\/\\\/costabravaparcaventura.com\\\/es\\\/#website\",\"url\":\"https:\\\/\\\/costabravaparcaventura.com\\\/es\\\/\",\"name\":\"Costa Brava Parc Aventura\",\"description\":\"tirolinas costa brava\",\"publisher\":{\"@id\":\"https:\\\/\\\/costabravaparcaventura.com\\\/es\\\/#organization\"},\"potentialAction\":[{\"@type\":\"SearchAction\",\"target\":{\"@type\":\"EntryPoint\",\"urlTemplate\":\"https:\\\/\\\/costabravaparcaventura.com\\\/es\\\/?s={search_term_string}\"},\"query-input\":{\"@type\":\"PropertyValueSpecification\",\"valueRequired\":true,\"valueName\":\"search_term_string\"}}],\"inLanguage\":\"es\"},{\"@type\":\"Organization\",\"@id\":\"https:\\\/\\\/costabravaparcaventura.com\\\/es\\\/#organization\",\"name\":\"Costa Brava Parc Aventura\",\"url\":\"https:\\\/\\\/costabravaparcaventura.com\\\/es\\\/\",\"logo\":{\"@type\":\"ImageObject\",\"inLanguage\":\"es\",\"@id\":\"https:\\\/\\\/costabravaparcaventura.com\\\/es\\\/#\\\/schema\\\/logo\\\/image\\\/\",\"url\":\"https:\\\/\\\/costabravaparcaventura.com\\\/wp-content\\\/uploads\\\/2023\\\/07\\\/logo_parc_aventura_600.jpg\",\"contentUrl\":\"https:\\\/\\\/costabravaparcaventura.com\\\/wp-content\\\/uploads\\\/2023\\\/07\\\/logo_parc_aventura_600.jpg\",\"width\":600,\"height\":600,\"caption\":\"Costa Brava Parc Aventura\"},\"image\":{\"@id\":\"https:\\\/\\\/costabravaparcaventura.com\\\/es\\\/#\\\/schema\\\/logo\\\/image\\\/\"},\"sameAs\":[\"https:\\\/\\\/www.facebook.com\\\/costabravaparcaventura\",\"https:\\\/\\\/x.com\\\/BravaParc\",\"https:\\\/\\\/www.instagram.com\\\/costabravaparcaventura\\\/\",\"https:\\\/\\\/www.youtube.com\\\/user\\\/costabravaparc\"]}]}<\/script>\n<!-- \/ Yoast SEO plugin. -->","yoast_head_json":{"title":"Pol\u00edtica de privacidad y cookies - Costa Brava Parc Aventura","robots":{"index":"index","follow":"follow","max-snippet":"max-snippet:-1","max-image-preview":"max-image-preview:large","max-video-preview":"max-video-preview:-1"},"canonical":"https:\/\/costabravaparcaventura.com\/es\/politica-de-privacidad-y-cookies\/","og_locale":"es_ES","og_type":"article","og_title":"Pol\u00edtica de privacidad y cookies - Costa Brava Parc Aventura","og_description":"POL\u00cdTICA DE PRIVACITAT A continuaci\u00f3 proporcionem tota la informaci\u00f3 necess\u00e0ria sobre la Pol\u00edtica de Privacitat en relaci\u00f3 amb les dades personals que recaptem, explicant: Qui \u00e9s el responsable del tractament de les teves dades. Per a quines finalitats recaptem les dades que sol\u00b7licitem. Quina \u00e9s la legitimaci\u00f3 per al seu tractament. Durant quant de temps &hellip;","og_url":"https:\/\/costabravaparcaventura.com\/es\/politica-de-privacidad-y-cookies\/","og_site_name":"Costa Brava Parc Aventura","article_publisher":"https:\/\/www.facebook.com\/costabravaparcaventura","article_modified_time":"2019-07-04T14:08:57+00:00","twitter_card":"summary_large_image","twitter_site":"@BravaParc","twitter_misc":{"Tiempo de lectura":"8 minutos"},"schema":{"@context":"https:\/\/schema.org","@graph":[{"@type":"WebPage","@id":"https:\/\/costabravaparcaventura.com\/es\/politica-de-privacidad-y-cookies\/","url":"https:\/\/costabravaparcaventura.com\/es\/politica-de-privacidad-y-cookies\/","name":"Pol\u00edtica de privacidad y cookies - Costa Brava Parc Aventura","isPartOf":{"@id":"https:\/\/costabravaparcaventura.com\/es\/#website"},"datePublished":"2019-03-13T08:15:51+00:00","dateModified":"2019-07-04T14:08:57+00:00","breadcrumb":{"@id":"https:\/\/costabravaparcaventura.com\/es\/politica-de-privacidad-y-cookies\/#breadcrumb"},"inLanguage":"es","potentialAction":[{"@type":"ReadAction","target":["https:\/\/costabravaparcaventura.com\/es\/politica-de-privacidad-y-cookies\/"]}]},{"@type":"BreadcrumbList","@id":"https:\/\/costabravaparcaventura.com\/es\/politica-de-privacidad-y-cookies\/#breadcrumb","itemListElement":[{"@type":"ListItem","position":1,"name":"Portada","item":"https:\/\/costabravaparcaventura.com\/es\/"},{"@type":"ListItem","position":2,"name":"Pol\u00edtica de privacidad y cookies"}]},{"@type":"WebSite","@id":"https:\/\/costabravaparcaventura.com\/es\/#website","url":"https:\/\/costabravaparcaventura.com\/es\/","name":"Costa Brava Parc Aventura","description":"tirolinas costa brava","publisher":{"@id":"https:\/\/costabravaparcaventura.com\/es\/#organization"},"potentialAction":[{"@type":"SearchAction","target":{"@type":"EntryPoint","urlTemplate":"https:\/\/costabravaparcaventura.com\/es\/?s={search_term_string}"},"query-input":{"@type":"PropertyValueSpecification","valueRequired":true,"valueName":"search_term_string"}}],"inLanguage":"es"},{"@type":"Organization","@id":"https:\/\/costabravaparcaventura.com\/es\/#organization","name":"Costa Brava Parc Aventura","url":"https:\/\/costabravaparcaventura.com\/es\/","logo":{"@type":"ImageObject","inLanguage":"es","@id":"https:\/\/costabravaparcaventura.com\/es\/#\/schema\/logo\/image\/","url":"https:\/\/costabravaparcaventura.com\/wp-content\/uploads\/2023\/07\/logo_parc_aventura_600.jpg","contentUrl":"https:\/\/costabravaparcaventura.com\/wp-content\/uploads\/2023\/07\/logo_parc_aventura_600.jpg","width":600,"height":600,"caption":"Costa Brava Parc Aventura"},"image":{"@id":"https:\/\/costabravaparcaventura.com\/es\/#\/schema\/logo\/image\/"},"sameAs":["https:\/\/www.facebook.com\/costabravaparcaventura","https:\/\/x.com\/BravaParc","https:\/\/www.instagram.com\/costabravaparcaventura\/","https:\/\/www.youtube.com\/user\/costabravaparc"]}]}},"_links":{"self":[{"href":"https:\/\/costabravaparcaventura.com\/es\/wp-json\/wp\/v2\/pages\/2757","targetHints":{"allow":["GET"]}}],"collection":[{"href":"https:\/\/costabravaparcaventura.com\/es\/wp-json\/wp\/v2\/pages"}],"about":[{"href":"https:\/\/costabravaparcaventura.com\/es\/wp-json\/wp\/v2\/types\/page"}],"author":[{"embeddable":true,"href":"https:\/\/costabravaparcaventura.com\/es\/wp-json\/wp\/v2\/users\/1"}],"replies":[{"embeddable":true,"href":"https:\/\/costabravaparcaventura.com\/es\/wp-json\/wp\/v2\/comments?post=2757"}],"version-history":[{"count":2,"href":"https:\/\/costabravaparcaventura.com\/es\/wp-json\/wp\/v2\/pages\/2757\/revisions"}],"predecessor-version":[{"id":11683,"href":"https:\/\/costabravaparcaventura.com\/es\/wp-json\/wp\/v2\/pages\/2757\/revisions\/11683"}],"wp:attachment":[{"href":"https:\/\/costabravaparcaventura.com\/es\/wp-json\/wp\/v2\/media?parent=2757"}],"curies":[{"name":"wp","href":"https:\/\/api.w.org\/{rel}","templated":true}]}}